{"id":863,"date":"2018-03-08T16:39:05","date_gmt":"2018-03-08T15:39:05","guid":{"rendered":"http:\/\/www.intercomonline.it\/?post_type=product&#038;p=863"},"modified":"2025-02-27T14:35:30","modified_gmt":"2025-02-27T13:35:30","slug":"type-a-mechanical-tapping-machine","status":"publish","type":"product","link":"https:\/\/www.intercomonline.it\/en\/products\/maschiatrici-meccaniche-bmi200\/tipo-a-maschiatrice-meccanica\/","title":{"rendered":"BMI Tipo A &#8211; Maschiatrice meccanica"},"content":{"rendered":"<div class=\"wpb-content-wrapper\"><div class=\"vc_row wpb_row vc_row-fluid mygallery3\"><div class=\"wpb_column vc_column_container vc_col-sm-12\"><div class=\"vc_column-inner\"><div class=\"wpb_wrapper\">\n\t<div class=\"wpb_text_column wpb_content_element\" >\n\t\t<div class=\"wpb_wrapper\">\n\t\t\t<p><strong>ADVANTAGES<\/strong><\/p>\n<ul>\n<li>Costs reduction for blank and threaded pieces<\/li>\n<li>Elimination of costly recovery operations<\/li>\n<li>Low-invenience, high-yield<\/li>\n<li>The rolled thread acquires a higher breaking strength than the thread obtained by chip removal<\/li>\n<li>Yield of each male between 50000 and 300000 pieces (value varies according to the type of thread and material to be threaded)<\/li>\n<li>Velocit\u00e0 massima 200 colpi\/min (valore variabile in base al tipo di filetto e materiale da filettare)<\/li>\n<\/ul>\n<p><strong><br \/>\nTHE ROLLING THREAD<\/strong><br \/>\nIl filetto rullato presenta fibre non recise, ma deformate a freddo; garantisce cos\u00ec una migliore resistenza a fatica ed a rottura.<br \/>\nGrazie a queste propriet\u00e0 del filetto rullato, possiamo affermare che non \u00e8 pi\u00f9 necessario creare filetti lunghi per garantire una migliore tenuta, anzi \u00e8 \u00e8 cos\u00ec possibile accorciarli, risparmiando la corsa dello stampo e la vita del maschio.<br \/>\nThe following formula can be used to calculate the required thread depth:<\/p>\n<p><strong>h = 0,9 x D (\u00d8 filetto)<\/strong><\/p>\n<p><strong>LUBRIFICATION<\/strong><br \/>\nIn order to get the best tap life we suggest to use an Intercom specific oil for rolling tap.<\/p>\n<p><strong><br \/>\nFormulas for calculating the thread stroke<br \/>\n<\/strong><\/p>\n<table class=\"intercomtbstandard\">\n<tbody>\n<tr>\n<td><strong>N=A\/p<\/strong><\/td>\n<td>A = Height of the thread<br \/>\nN = Number of threads<br \/>\nP = Thread pitch<\/td>\n<\/tr>\n<tr>\n<td><strong>Nm = N+K<\/strong><\/td>\n<td>K = N\u00b0 filetti imbocco<br \/>\nY = Run one lap<br \/>\nCF = Thread stroke<\/td>\n<\/tr>\n<tr>\n<td><strong>CF = Nm x Y<\/strong><\/td>\n<td>Nm = Total revolutions of the male required to thread<\/td>\n<\/tr>\n<\/tbody>\n<\/table>\n\n\t\t<\/div>\n\t<\/div>\n<div class=\"vc_tta-container\" data-vc-action=\"collapse\"><div class=\"vc_general vc_tta vc_tta-accordion vc_tta-color-grey vc_tta-style-classic vc_tta-shape-rounded vc_tta-o-shape-group vc_tta-controls-align-default\"><div class=\"vc_tta-panels-container\"><div class=\"vc_tta-panels\"><div class=\"vc_tta-panel vc_active\" id=\"1513675386888-6d14b893-35b69c3c-e946\" data-vc-content=\".vc_tta-panel-body\"><div class=\"vc_tta-panel-heading\"><h4 class=\"vc_tta-panel-title\"><a href=\"#1513675386888-6d14b893-35b69c3c-e946\" data-vc-accordion data-vc-container=\".vc_tta-container\"><span class=\"vc_tta-title-text\">DOWNLOAD<\/span><\/a><\/h4><\/div><div class=\"vc_tta-panel-body\">\n\t<div class=\"wpb_text_column wpb_content_element\" >\n\t\t<div class=\"wpb_wrapper\">\n\t\t\t<p><span style=\"color: #000000;\"><a style=\"color: #000000;\" href=\"https:\/\/www.intercomonline.it\/wp-content\/uploads\/2019\/12\/BMI_2019_High_compressed.pdf#page=02\" target=\"_blank\" rel=\"noopener\">technical data sheet.pdf<\/a><\/span><\/p>\n\n\t\t<\/div>\n\t<\/div>\n<\/div><\/div><div class=\"vc_tta-panel\" id=\"1513677773731-12465883-aeb59c3c-e946\" data-vc-content=\".vc_tta-panel-body\"><div class=\"vc_tta-panel-heading\"><h4 class=\"vc_tta-panel-title\"><a href=\"#1513677773731-12465883-aeb59c3c-e946\" data-vc-accordion data-vc-container=\".vc_tta-container\"><span class=\"vc_tta-title-text\">INQUIRY<\/span><\/a><\/h4><\/div><div class=\"vc_tta-panel-body\">\n\t<div class=\"wpb_text_column wpb_content_element\" >\n\t\t<div class=\"wpb_wrapper\">\n\t\t\t\n<div class=\"wpcf7 no-js\" id=\"wpcf7-f10927-o1\" lang=\"it-IT\" dir=\"ltr\" data-wpcf7-id=\"10927\">\n<div class=\"screen-reader-response\"><p role=\"status\" aria-live=\"polite\" aria-atomic=\"true\"><\/p> <ul><\/ul><\/div>\n<form action=\"\/en\/wp-json\/wp\/v2\/product\/863#wpcf7-f10927-o1\" method=\"post\" class=\"wpcf7-form init\" aria-label=\"Modulo di contatto\" novalidate=\"novalidate\" data-status=\"init\" data-trp-original-action=\"\/en\/wp-json\/wp\/v2\/product\/863#wpcf7-f10927-o1\">\n<fieldset class=\"hidden-fields-container\"><input type=\"hidden\" name=\"_wpcf7\" value=\"10927\" \/><input type=\"hidden\" name=\"_wpcf7_version\" value=\"6.1.5\" \/><input type=\"hidden\" name=\"_wpcf7_locale\" value=\"it_IT\" \/><input type=\"hidden\" name=\"_wpcf7_unit_tag\" value=\"wpcf7-f10927-o1\" \/><input type=\"hidden\" name=\"_wpcf7_container_post\" value=\"0\" \/><input type=\"hidden\" name=\"_wpcf7_posted_data_hash\" value=\"\" \/>\n<\/fieldset>\n<p><span class=\"wpcf7-form-control-wrap\" data-name=\"your-name\"><input size=\"40\" maxlength=\"400\" class=\"wpcf7-form-control wpcf7-text wpcf7-validates-as-required\" aria-required=\"true\" aria-invalid=\"false\" placeholder=\"Name *\" value=\"\" type=\"text\" name=\"your-name\" \/><\/span><br \/>\n<span class=\"wpcf7-form-control-wrap\" data-name=\"your-email\"><input size=\"40\" maxlength=\"400\" class=\"wpcf7-form-control wpcf7-email wpcf7-validates-as-required wpcf7-text wpcf7-validates-as-email\" aria-required=\"true\" aria-invalid=\"false\" placeholder=\"Email *\" value=\"\" type=\"email\" name=\"your-email\" \/><\/span><br \/>\n<span class=\"wpcf7-form-control-wrap\" data-name=\"your-text\"><textarea cols=\"40\" rows=\"10\" maxlength=\"2000\" class=\"wpcf7-form-control wpcf7-textarea\" aria-invalid=\"false\" placeholder=\"Text\" name=\"your-text\"><\/textarea><\/span>\n<\/p>\n<p><input class=\"wpcf7-form-control wpcf7-submit has-spinner\" type=\"submit\" value=\"Send\" \/>\n<\/p><div class=\"wpcf7-response-output\" aria-hidden=\"true\"><\/div>\n<input type=\"hidden\" name=\"trp-form-language\" value=\"en\"\/><\/form>\n<\/div>\n\n\n\t\t<\/div>\n\t<\/div>\n<\/div><\/div><\/div><\/div><\/div><\/div><\/div><\/div><\/div><\/div><div class=\"vc_row wpb_row vc_row-fluid mygallery4\"><div class=\"wpb_column vc_column_container vc_col-sm-12\"><div class=\"vc_column-inner\"><div class=\"wpb_wrapper\">\n\t<div class=\"wpb_text_column wpb_content_element\" >\n\t\t<div class=\"wpb_wrapper\">\n\t\t\t<h4 style=\"text-align: center;\">Gallery<\/h4>\n\n\t\t<\/div>\n\t<\/div>\n<\/div><\/div><\/div><\/div>\n<\/div>","protected":false},"excerpt":{"rendered":"<p> [&#8230;]<\/p>\n<p><a class=\"btn btn-secondary redapple-read-more-link\" href=\"https:\/\/www.intercomonline.it\/en\/products\/maschiatrici-meccaniche-bmi200\/tipo-a-maschiatrice-meccanica\/\">Read More&#8230;<\/a><\/p>\n","protected":false},"featured_media":1308,"template":"","meta":{"_acf_changed":false},"product_brand":[],"product_cat":[97],"product_tag":[],"class_list":{"0":"post-863","1":"product","2":"type-product","3":"status-publish","4":"has-post-thumbnail","6":"product_cat-maschiatrici-meccaniche-bmi200","8":"first","9":"instock","10":"shipping-taxable","11":"product-type-simple"},"acf":[],"_links":{"self":[{"href":"https:\/\/www.intercomonline.it\/en\/wp-json\/wp\/v2\/product\/863","targetHints":{"allow":["GET","POST","PUT","PATCH","DELETE"]}}],"collection":[{"href":"https:\/\/www.intercomonline.it\/en\/wp-json\/wp\/v2\/product"}],"about":[{"href":"https:\/\/www.intercomonline.it\/en\/wp-json\/wp\/v2\/types\/product"}],"wp:featuredmedia":[{"embeddable":true,"href":"https:\/\/www.intercomonline.it\/en\/wp-json\/wp\/v2\/media\/1308"}],"wp:attachment":[{"href":"https:\/\/www.intercomonline.it\/en\/wp-json\/wp\/v2\/media?parent=863"}],"wp:term":[{"taxonomy":"product_brand","embeddable":true,"href":"https:\/\/www.intercomonline.it\/en\/wp-json\/wp\/v2\/product_brand?post=863"},{"taxonomy":"product_cat","embeddable":true,"href":"https:\/\/www.intercomonline.it\/en\/wp-json\/wp\/v2\/product_cat?post=863"},{"taxonomy":"product_tag","embeddable":true,"href":"https:\/\/www.intercomonline.it\/en\/wp-json\/wp\/v2\/product_tag?post=863"}],"curies":[{"name":"wp","href":"https:\/\/api.w.org\/{rel}","templated":true}]}}