{"id":129,"date":"2025-11-19T09:59:15","date_gmt":"2025-11-19T08:59:15","guid":{"rendered":"http:\/\/www.intercomonline.it\/?page_id=129"},"modified":"2025-11-19T10:32:51","modified_gmt":"2025-11-19T09:32:51","slug":"innovation","status":"publish","type":"page","link":"https:\/\/www.intercomonline.it\/en\/innovazione\/","title":{"rendered":"INNOVATION"},"content":{"rendered":"<div class=\"wpb-content-wrapper\"><div class=\"vc_row wpb_row vc_row-fluid vc_custom_1717477622107\"><div class=\"page-top-sec wpb_column vc_column_container vc_col-sm-12\"><div class=\"vc_column-inner\"><div class=\"wpb_wrapper\">    <section class=\"content_border_box section wow fadeInLeft\" data-wow-duration=\"1.5s\" data-wow-delay=\"0.2s\" style=\"background-color: #fff\">\r\n        <div class=\"container\">\r\n            <div class=\"row\">\r\n                <div class=\"col-12\">\r\n                    <div class=\"content_block_title text-center\">\r\n                        <h6 style=\"color: #454547\">QUALIT\u00c0<\/h6>\r\n                    <\/div>\r\n                <\/div>\r\n            <\/div>\r\n            <div class=\"row justify-content-center\">\r\n                <div class=\"col-xl-6 col-lg-8 col-md-10 col-sm-12\">\r\n                    <div class=\"p_border_block\" style=\"border-color: #000\">\r\n                        <h4 style=\"color: #454547\">INTERCOM S.R.L.<\/h4>\r\n                        <p style=\"color: #454547\">efficiente e sostenibile \u00e8 l\u2019unica scelta per prosperare nel futuro<\/p>\r\n                    <\/div>\r\n                <\/div>\r\n            <\/div>\r\n        <\/div>\r\n    <\/section>\r\n    <\/div><\/div><\/div><\/div><div class=\"vc_row wpb_row vc_row-fluid\"><div class=\"wpb_column vc_column_container vc_col-sm-12\"><div class=\"vc_column-inner\"><div class=\"wpb_wrapper\">    <section class=\"content_w_img content_w_bg_gray\">\r\n        <div class=\"container-fluid\">\r\n            <div class=\"row align-items-stretch\">\r\n                <div class=\"col-md-6 order-last\">\r\n                    <div class=\"col_w_text\">\r\n                        <div class=\"__sec_header wow fadeInRight\" data-wow-duration=\"1.3s\" data-wow-delay=\"0.2s\">\r\n                            <h4>\r\n                                                                    <strong>\r\n                                        PASSION, KNOWLEDGE                                    <\/strong>\r\n                                                            <\/h4>\r\n                        <\/div>\r\n                        <div class=\"__sec_body wow fadeInRight\" data-wow-duration=\"1.4s\" data-wow-delay=\"0.3s\">\r\n                                                            <div class=\"content_w_upper_desc\">\r\n                                    <p>Ad essi dedichiamo la nostra capacit\u00e0 di ascolto, il know how aggiornato, il servizio pre e post-vendita: risolviamo i problemi con una semplice telefonata, consegniamo velocemente, grazie al magazzino aperto anche in pausa pranzo.<\/p>\n                                <\/div>\r\n                                                        <p>Facciamo di tutto per garantire assistenza pronta e risolutiva. Ma il nostro impegno va oltre. Diventa concreta attenzione alle normative per la sicurezza e la salubrit\u00e0 dei luoghi di lavoro. Diventa rispetto per l\u2019ambiente e la comunit\u00e0 in cui operiamo. Produrre in modo innovativo, efficiente e sostenibile \u00e8 l\u2019unica scelta per prosperare nel futuro.<\/p>\n                        <\/div>\r\n                    <\/div>\r\n                <\/div>\r\n                <div class=\"col-md-6 col_bg_img order-first wow fadeInRight\" data-wow-duration=\"1.5s\" data-wow-delay=\"0.4s\" style=\"background-image: url('https:\/\/www.intercomonline.it\/wp-content\/uploads\/2018\/01\/innovazione-back2.jpg')\">\r\n                <\/div>\r\n            <\/div>\r\n        <\/div>\r\n    <\/section>\r\n    <\/div><\/div><\/div><\/div><div class=\"vc_row wpb_row vc_row-fluid\"><div class=\"wpb_column vc_column_container vc_col-sm-12\"><div class=\"vc_column-inner\"><div class=\"wpb_wrapper\">    <section class=\"text_w_innovazione section\">\r\n        <div class=\"container\">\r\n            <div class=\"row justify-content-center justify-content-xl-end\">\r\n                <div class=\"col-xl-9 col-lg-12 col-md-12 col-sm-12\">\r\n                    <div class=\"row align-items-center\">\r\n                        <div class=\"col-xl-7 col-lg-8 col-md-8 col-sm-12 order-2 order-md-1\">\r\n                            <div class=\"text_innova_wrap\">\r\n                                <div class=\"h_innova position-relative\">\r\n                                    <span class=\"innova_quote\">\u201c<\/span>\r\n                                    <h4>A RANGE THAT HAS GROWN OVER TIME:<\/h4>\r\n                                <\/div>\r\n                                <div class=\"text_innova\">\r\n                                    <p>fornitori affidabili, materiali selezionati a garanzia di una filiera completa di qualit\u00e0 e sostenibilit\u00e0<\/p>\r\n                                <\/div>\r\n                            <\/div>\r\n                        <\/div>\r\n                        <div class=\"col-xl-5 col-lg-4 col-md-4 col-sm-12 order-1 order-md-2\">\r\n                            <div class=\"img_innova\">\r\n                                <img decoding=\"async\" class=\"img-fluid\" src=\"https:\/\/www.intercomonline.it\/wp-content\/uploads\/2018\/02\/Pezzo-Intercom.png\" alt=\"A RANGE THAT HAS GROWN OVER TIME:\">\r\n                            <\/div>\r\n                        <\/div>\r\n                    <\/div>\r\n                <\/div>\r\n            <\/div>\r\n        <\/div>\r\n    <\/section>\r\n    <\/div><\/div><\/div><\/div><div class=\"vc_row wpb_row vc_row-fluid\"><div class=\"wpb_column vc_column_container vc_col-sm-12\"><div class=\"vc_column-inner\"><div class=\"wpb_wrapper\">    <section class=\"content_border_box section wow fadeInLeft\" data-wow-duration=\"1.5s\" data-wow-delay=\"0.2s\" style=\"background-color: #606060\">\r\n        <div class=\"container\">\r\n            <div class=\"row\">\r\n                <div class=\"col-12\">\r\n                    <div class=\"content_block_title text-center\">\r\n                        <h6 style=\"color: #ffffff\">INNOVATION<\/h6>\r\n                    <\/div>\r\n                <\/div>\r\n            <\/div>\r\n            <div class=\"row justify-content-center\">\r\n                <div class=\"col-xl-6 col-lg-8 col-md-10 col-sm-12\">\r\n                    <div class=\"p_border_block\" style=\"border-color: #ffffff\">\r\n                        <h4 style=\"color: #ffffff\">WITH RESPECT OF REGULATIONS<\/h4>\r\n                        <p style=\"color: #ffffff\">salubrit\u00e0 spazi e ambiente: i valori che ci contraddistinguono<\/p>\r\n                    <\/div>\r\n                <\/div>\r\n            <\/div>\r\n        <\/div>\r\n    <\/section>\r\n    <\/div><\/div><\/div><\/div><div class=\"vc_row wpb_row vc_row-fluid\"><div class=\"wpb_column vc_column_container vc_col-sm-12\"><div class=\"vc_column-inner\"><div class=\"wpb_wrapper\">    <section class=\"content_w_img content_w_bg_gray\">\r\n        <div class=\"container-fluid\">\r\n            <div class=\"row align-items-stretch\">\r\n                <div class=\"col-md-6 order-first\">\r\n                    <div class=\"col_w_text\">\r\n                        <div class=\"__sec_header wow fadeInRight\" data-wow-duration=\"1.3s\" data-wow-delay=\"0.2s\">\r\n                            <h4>\r\n                                                                    <strong>\r\n                                        UNA FILIERA COMPLETA, DI QUALIT\u00c0 E SOSTENIBILIT\u00c0                                    <\/strong>\r\n                                                            <\/h4>\r\n                        <\/div>\r\n                        <div class=\"__sec_body wow fadeInRight\" data-wow-duration=\"1.4s\" data-wow-delay=\"0.3s\">\r\n                                                            <div class=\"content_w_upper_desc\">\r\n                                    <p>Vogliamo essere sicuri della nostra qualit\u00e0. Per questo gestiamo il processo di produzione completamente all\u2019interno, controllandolo fase per fase: scelta dei materiali, progettazione CAD-CAM, lavorazioni CNC e manuali, finiture, assemblaggio e consegna.<\/p>\n                                <\/div>\r\n                                                        <p>We only entrust a few specific treatments to rigorously selected external suppliers whose results we test. In this way, we can apply maximum care and accuracy throughout the production chain, focusing on nding new solutions. That often arise from working closely with customers.<\/p>\n                        <\/div>\r\n                    <\/div>\r\n                <\/div>\r\n                <div class=\"col-md-6 col_bg_img order-last wow fadeInRight\" data-wow-duration=\"1.5s\" data-wow-delay=\"0.4s\" style=\"background-image: url('https:\/\/www.intercomonline.it\/wp-content\/uploads\/2018\/01\/innovazione-back.jpg')\">\r\n                <\/div>\r\n            <\/div>\r\n        <\/div>\r\n    <\/section>\r\n    <\/div><\/div><\/div><\/div><div class=\"vc_row wpb_row vc_row-fluid\"><div class=\"wpb_column vc_column_container vc_col-sm-12\"><div class=\"vc_column-inner\"><div class=\"wpb_wrapper\">    <section class=\"content_border_box section wow fadeInLeft\" data-wow-duration=\"1.5s\" data-wow-delay=\"0.2s\" style=\"background-color: #ec841a\">\r\n        <div class=\"container\">\r\n            <div class=\"row\">\r\n                <div class=\"col-12\">\r\n                    <div class=\"content_block_title text-center\">\r\n                        <h6 style=\"color: #ffffff\">PRODUCTS<\/h6>\r\n                    <\/div>\r\n                <\/div>\r\n            <\/div>\r\n            <div class=\"row justify-content-center\">\r\n                <div class=\"col-xl-6 col-lg-8 col-md-10 col-sm-12\">\r\n                    <div class=\"p_border_block\" style=\"border-color: #ffffff\">\r\n                        <h4 style=\"color: #ffffff\">FILOSOFIA \u201cJUST IN TIME\u201d<\/h4>\r\n                        <p style=\"color: #ffffff\">la nostra officina \u00e8 pronta a realizzare articoli \u201cspeciali\u201d, su disegno.<\/p>\r\n                    <\/div>\r\n                <\/div>\r\n            <\/div>\r\n        <\/div>\r\n    <\/section>\r\n    <\/div><\/div><\/div><\/div><div class=\"vc_row wpb_row vc_row-fluid\"><div class=\"page-bottom-sec wpb_column vc_column_container vc_col-sm-12\"><div class=\"vc_column-inner\"><div class=\"wpb_wrapper\">    <section class=\"content_w_img content_w_bg_gray\">\r\n        <div class=\"container-fluid\">\r\n            <div class=\"row align-items-stretch\">\r\n                <div class=\"col-md-6 order-last\">\r\n                    <div class=\"col_w_text\">\r\n                        <div class=\"__sec_header wow fadeInRight\" data-wow-duration=\"1.3s\" data-wow-delay=\"0.2s\">\r\n                            <h4>\r\n                                                                    <strong>\r\n                                        UNA GAMMA DI QUALIT\u00c0                                    <\/strong>\r\n                                                            <\/h4>\r\n                        <\/div>\r\n                        <div class=\"__sec_body wow fadeInRight\" data-wow-duration=\"1.4s\" data-wow-delay=\"0.3s\">\r\n                                                            <div class=\"content_w_upper_desc\">\r\n                                    <p>Conosciamo bene l\u2019acciaio: sappiamo come trasformarlo in uno strumento adatto alle vostre lavorazioni. La gamma degli articoli che commercializziamo e produciamo \u00e8 tra le pi\u00f9 complete del mercato.<\/p>\n                                <\/div>\r\n                                                        <p>Ed \u00e8 in continua crescita. In pi\u00f9, per garantirvi la massima qualit\u00e0 selezioniamo e testiamo i materiali migliori: che si tratti di HWS, HSS, Vanadis 23 o metallo duro acquistiamo solo da fornitori affermati come Uddeholm e Praezi. Ma non basta. Oltre a darvi la certezza di un ampio catalogo con prodotti (normalizzati) a magazzino consegnati in 24\/48 ore, la nostra officina \u00e8 pronta a realizzare articoli \u201cspeciali\u201d, su disegno.<\/p>\n<p style=\"font-family: oswald; text-align: left; font-size: 16px; font-weight: 400;\">STANDARD GUIDE ELEMENTS<br \/>\nPUNCHES AND DIES<br \/>\nGROUND STEELS<br \/>\nMECHANICAL TAPPING UNIT BMI200<br \/>\nGROUND STEELS<br \/>\nSTEELS<br \/>\nELECTRONIC TAPPING UNIT<br \/>\nSTANDARD COMPONENTS FOR PLASTIC MOULDS<\/p>\n<p>\n                        <\/div>\r\n                    <\/div>\r\n                <\/div>\r\n                <div class=\"col-md-6 col_bg_img order-first wow fadeInRight\" data-wow-duration=\"1.5s\" data-wow-delay=\"0.4s\" style=\"background-image: url('https:\/\/www.intercomonline.it\/wp-content\/uploads\/2018\/01\/innovazione-back3.jpg')\">\r\n                <\/div>\r\n            <\/div>\r\n        <\/div>\r\n    <\/section>\r\n    <\/div><\/div><\/div><\/div>\n<\/div>","protected":false},"excerpt":{"rendered":"<p> [&#8230;]<\/p>\n<p><a class=\"btn btn-secondary redapple-read-more-link\" href=\"https:\/\/www.intercomonline.it\/en\/innovazione\/\">Read More&#8230;<\/a><\/p>\n","protected":false},"author":1,"featured_media":0,"parent":0,"menu_order":0,"comment_status":"closed","ping_status":"closed","template":"","meta":{"_acf_changed":false,"footnotes":""},"class_list":["post-129","page","type-page","status-publish","hentry"],"acf":[],"_links":{"self":[{"href":"https:\/\/www.intercomonline.it\/en\/wp-json\/wp\/v2\/pages\/129","targetHints":{"allow":["GET","POST","PUT","PATCH","DELETE"]}}],"collection":[{"href":"https:\/\/www.intercomonline.it\/en\/wp-json\/wp\/v2\/pages"}],"about":[{"href":"https:\/\/www.intercomonline.it\/en\/wp-json\/wp\/v2\/types\/page"}],"author":[{"embeddable":true,"href":"https:\/\/www.intercomonline.it\/en\/wp-json\/wp\/v2\/users\/1"}],"replies":[{"embeddable":true,"href":"https:\/\/www.intercomonline.it\/en\/wp-json\/wp\/v2\/comments?post=129"}],"version-history":[{"count":49,"href":"https:\/\/www.intercomonline.it\/en\/wp-json\/wp\/v2\/pages\/129\/revisions"}],"predecessor-version":[{"id":10776,"href":"https:\/\/www.intercomonline.it\/en\/wp-json\/wp\/v2\/pages\/129\/revisions\/10776"}],"wp:attachment":[{"href":"https:\/\/www.intercomonline.it\/en\/wp-json\/wp\/v2\/media?parent=129"}],"curies":[{"name":"wp","href":"https:\/\/api.w.org\/{rel}","templated":true}]}}