{"id":560,"date":"2018-02-26T06:51:15","date_gmt":"2018-02-26T05:51:15","guid":{"rendered":"http:\/\/www.intercomonline.it\/?post_type=product&#038;p=560"},"modified":"2025-02-27T14:55:38","modified_gmt":"2025-02-27T13:55:38","slug":"n-327-flanschbuchsen-selbstschmierend-intercoat","status":"publish","type":"product","link":"https:\/\/www.intercomonline.it\/de\/products\/normalizzati-per-stampi\/bussole-con-collare-autolubrificanti-intercoat\/n-327-bussole-flangiate-autolubrificanti-intercoat\/","title":{"rendered":"N 327 INTERCOAT selbstschmierende Bundbuchsen"},"content":{"rendered":"<div class=\"wpb-content-wrapper\"><div class=\"vc_row wpb_row vc_row-fluid mygallery3\"><div class=\"wpb_column vc_column_container vc_col-sm-12\"><div class=\"vc_column-inner\"><div class=\"wpb_wrapper\">\n\t<div class=\"wpb_text_column wpb_content_element\" >\n\t\t<div class=\"wpb_wrapper\">\n\t\t\t<p><strong>Material:<\/strong> Zementierstahl<br \/>\n<strong>H\u00e4rte:<\/strong> 62-64 HRC<br \/>\n<strong>W\u00e4rmebehandlung:<\/strong> Zementiert un geh\u00e4rtet + INTERCOAT selbstschmierende Beschichtung<\/p>\n<p><strong>Ausf\u00fchrung:<\/strong> feingeschliffen und supfiniert<br \/>\n<strong>Note:<\/strong> Sonderl\u00e4ngen auf Anfrage lieferbar<\/p>\n<p class=\"translation-block\">Die INTERCOM Buchse N324 Aufnahmebohrung Toleranz H6\/J6\nDie INTERCOM -Beschichtung dient der Verringerung der Oberfl\u00e4chenreibung und wirkt gleichzeitig als Korrosionsschutz. Fluoropolymere werden in die vorher chemisch und mechanisch intensiv gereinigte Oberfl\u00e4che der Stahlbuchse eingebracht, dieses Material diffundiert in die poren des Grundmaterials ein , und bildet eine sehr gut haftende Schicht mit Gleiteigenschaften, die die Vorteile von Stahl und Keramik vereinen.<\/p>\n<p>Il processo INTERCOAT riveste le superfici metalliche. Tramite un pretrattamento meccanico la superficie del materiale viene pulita in profondit\u00e0. Questo permette al fluoropolimero di ancorarsi al substrato, ottenendo un prolungamento delle propriet\u00e0 antiusura, antifrizione e anticorrosione, riducendo i rischi di distacco. Il coefficiente di attrito \u00e8 compreso tra 0.05 e 0.2.<\/p>\n\n\t\t<\/div>\n\t<\/div>\n<div class=\"vc_tta-container\" data-vc-action=\"collapse\"><div class=\"vc_general vc_tta vc_tta-accordion vc_tta-color-grey vc_tta-style-classic vc_tta-shape-rounded vc_tta-o-shape-group vc_tta-controls-align-default\"><div class=\"vc_tta-panels-container\"><div class=\"vc_tta-panels\"><div class=\"vc_tta-panel vc_active\" id=\"1513675386888-6d14b893-35b6\" data-vc-content=\".vc_tta-panel-body\"><div class=\"vc_tta-panel-heading\"><h4 class=\"vc_tta-panel-title\"><a href=\"#1513675386888-6d14b893-35b6\" data-vc-accordion data-vc-container=\".vc_tta-container\"><span class=\"vc_tta-title-text\">HERUNTERLADEN<\/span><\/a><\/h4><\/div><div class=\"vc_tta-panel-body\">\n\t<div class=\"wpb_text_column wpb_content_element\" >\n\t\t<div class=\"wpb_wrapper\">\n\t\t\t<p><span style=\"color: #000000;\"><a style=\"color: #000000;\" href=\"https:\/\/www.intercomonline.it\/wp-content\/uploads\/2018\/02\/324-326-327.pdf\" target=\"_blank\" rel=\"noopener\">DATENBLATT.pdf<\/a><\/span><\/p>\n\n\t\t<\/div>\n\t<\/div>\n<\/div><\/div><div class=\"vc_tta-panel\" id=\"1513677773731-12465883-aeb5\" data-vc-content=\".vc_tta-panel-body\"><div class=\"vc_tta-panel-heading\"><h4 class=\"vc_tta-panel-title\"><a href=\"#1513677773731-12465883-aeb5\" data-vc-accordion data-vc-container=\".vc_tta-container\"><span class=\"vc_tta-title-text\">INFORMATIONSANFRAGE<\/span><\/a><\/h4><\/div><div class=\"vc_tta-panel-body\">\n\t<div class=\"wpb_text_column wpb_content_element\" >\n\t\t<div class=\"wpb_wrapper\">\n\t\t\t\n<div class=\"wpcf7 no-js\" id=\"wpcf7-f10927-o1\" lang=\"it-IT\" dir=\"ltr\" data-wpcf7-id=\"10927\">\n<div class=\"screen-reader-response\"><p role=\"status\" aria-live=\"polite\" aria-atomic=\"true\"><\/p> <ul><\/ul><\/div>\n<form action=\"\/de\/wp-json\/wp\/v2\/product\/560#wpcf7-f10927-o1\" method=\"post\" class=\"wpcf7-form init\" aria-label=\"Modulo di contatto\" novalidate=\"novalidate\" data-status=\"init\" data-trp-original-action=\"\/de\/wp-json\/wp\/v2\/product\/560#wpcf7-f10927-o1\">\n<fieldset class=\"hidden-fields-container\"><input type=\"hidden\" name=\"_wpcf7\" value=\"10927\" \/><input type=\"hidden\" name=\"_wpcf7_version\" value=\"6.1.5\" \/><input type=\"hidden\" name=\"_wpcf7_locale\" value=\"it_IT\" \/><input type=\"hidden\" name=\"_wpcf7_unit_tag\" value=\"wpcf7-f10927-o1\" \/><input type=\"hidden\" name=\"_wpcf7_container_post\" value=\"0\" \/><input type=\"hidden\" name=\"_wpcf7_posted_data_hash\" value=\"\" \/>\n<\/fieldset>\n<p><span class=\"wpcf7-form-control-wrap\" data-name=\"your-name\"><input size=\"40\" maxlength=\"400\" class=\"wpcf7-form-control wpcf7-text wpcf7-validates-as-required\" aria-required=\"true\" aria-invalid=\"false\" placeholder=\"Name *\" value=\"\" type=\"text\" name=\"your-name\" \/><\/span><br \/>\n<span class=\"wpcf7-form-control-wrap\" data-name=\"your-email\"><input size=\"40\" maxlength=\"400\" class=\"wpcf7-form-control wpcf7-email wpcf7-validates-as-required wpcf7-text wpcf7-validates-as-email\" aria-required=\"true\" aria-invalid=\"false\" placeholder=\"E-Mail *\" value=\"\" type=\"email\" name=\"your-email\" \/><\/span><br \/>\n<span class=\"wpcf7-form-control-wrap\" data-name=\"your-text\"><textarea cols=\"40\" rows=\"10\" maxlength=\"2000\" class=\"wpcf7-form-control wpcf7-textarea\" aria-invalid=\"false\" placeholder=\"Text\" name=\"your-text\"><\/textarea><\/span>\n<\/p>\n<p><input class=\"wpcf7-form-control wpcf7-submit has-spinner\" type=\"submit\" value=\"Senden Sie\" \/>\n<\/p><div class=\"wpcf7-response-output\" aria-hidden=\"true\"><\/div>\n<input type=\"hidden\" name=\"trp-form-language\" value=\"de\"\/><\/form>\n<\/div>\n\n\n\t\t<\/div>\n\t<\/div>\n<\/div><\/div><\/div><\/div><\/div><\/div><\/div><\/div><\/div><\/div><div class=\"vc_row wpb_row vc_row-fluid mygallery4\"><div class=\"wpb_column vc_column_container vc_col-sm-12\"><div class=\"vc_column-inner\"><div class=\"wpb_wrapper\">\n\t<div class=\"wpb_text_column wpb_content_element\" >\n\t\t<div class=\"wpb_wrapper\">\n\t\t\t<div style=\"text-align: center;\"><img loading=\"lazy\" decoding=\"async\" class=\"alignnone wp-image-554 size-full\" src=\"https:\/\/www.intercomonline.it\/wp-content\/uploads\/2018\/02\/n32678x.jpg\" alt=\"\" width=\"205\" height=\"211\" \/><img loading=\"lazy\" decoding=\"async\" class=\"alignnone wp-image-553 size-full\" src=\"https:\/\/www.intercomonline.it\/wp-content\/uploads\/2018\/02\/n32678x2.jpg\" alt=\"\" width=\"157\" height=\"165\" \/><\/div>\n\n\t\t<\/div>\n\t<\/div>\n<\/div><\/div><\/div><\/div>\n<\/div>","protected":false},"excerpt":{"rendered":"<p> [&#8230;]<\/p>\n<p><a class=\"btn btn-secondary redapple-read-more-link\" href=\"https:\/\/www.intercomonline.it\/de\/products\/normalizzati-per-stampi\/bussole-con-collare-autolubrificanti-intercoat\/n-327-bussole-flangiate-autolubrificanti-intercoat\/\">Weiterlesen&#8230;<\/a><\/p>\n","protected":false},"featured_media":1331,"template":"","meta":{"_acf_changed":false},"product_brand":[],"product_cat":[89],"product_tag":[],"class_list":{"0":"post-560","1":"product","2":"type-product","3":"status-publish","4":"has-post-thumbnail","6":"product_cat-bussole-con-collare-autolubrificanti-intercoat","8":"first","9":"instock","10":"shipping-taxable","11":"product-type-simple"},"acf":[],"_links":{"self":[{"href":"https:\/\/www.intercomonline.it\/de\/wp-json\/wp\/v2\/product\/560","targetHints":{"allow":["GET","POST","PUT","PATCH","DELETE"]}}],"collection":[{"href":"https:\/\/www.intercomonline.it\/de\/wp-json\/wp\/v2\/product"}],"about":[{"href":"https:\/\/www.intercomonline.it\/de\/wp-json\/wp\/v2\/types\/product"}],"wp:featuredmedia":[{"embeddable":true,"href":"https:\/\/www.intercomonline.it\/de\/wp-json\/wp\/v2\/media\/1331"}],"wp:attachment":[{"href":"https:\/\/www.intercomonline.it\/de\/wp-json\/wp\/v2\/media?parent=560"}],"wp:term":[{"taxonomy":"product_brand","embeddable":true,"href":"https:\/\/www.intercomonline.it\/de\/wp-json\/wp\/v2\/product_brand?post=560"},{"taxonomy":"product_cat","embeddable":true,"href":"https:\/\/www.intercomonline.it\/de\/wp-json\/wp\/v2\/product_cat?post=560"},{"taxonomy":"product_tag","embeddable":true,"href":"https:\/\/www.intercomonline.it\/de\/wp-json\/wp\/v2\/product_tag?post=560"}],"curies":[{"name":"wp","href":"https:\/\/api.w.org\/{rel}","templated":true}]}}