{"id":1810,"date":"2018-04-27T14:38:24","date_gmt":"2018-04-27T12:38:24","guid":{"rendered":"http:\/\/www.intercomonline.it\/?post_type=product&#038;p=1810"},"modified":"2025-02-27T09:10:37","modified_gmt":"2025-02-27T08:10:37","slug":"1-2083-mit-auftragschicht-1030mm","status":"publish","type":"product","link":"https:\/\/www.intercomonline.it\/de\/products\/acciai-rettificati\/1-2083\/1-2083-con-sovrametallo-1030mm\/","title":{"rendered":"1.2083 con Sovrametallo \u2013 1030mm"},"content":{"rendered":"<div class=\"wpb-content-wrapper\"><div class=\"vc_row wpb_row vc_row-fluid\"><div class=\"wpb_column vc_column_container vc_col-sm-12\"><div class=\"vc_column-inner\"><div class=\"wpb_wrapper\">\n\t<div class=\"wpb_text_column wpb_content_element\" >\n\t\t<div class=\"wpb_wrapper\">\n\t\t\t<div><strong>Material Nr. 1.2083<\/strong><\/div>\n<div>\n<p><strong>(X40Cr14)<\/strong><\/p>\n<\/div>\n<div>\n<p>Acciaio resistente alla corrosione per stampi di materie plastiche, buona lavorabilit\u00e0, temprabile e lucidabile<\/p>\n<\/div>\n<div><strong>Verwendungsm\u00f6glichkeiten:<\/strong><\/div>\n<div>\n<p>Stampi e stampi a compressione, applicazioni per l\u2019industria delle plastiche.<\/p>\n<\/div>\n<div><strong>Stato di fornitura piatti Pr\u00e4zi:<\/strong><\/div>\n<div>500 und 1000 mm L\u00e4nge mit Bearbeitungsaufma\u00df, in Plattenform mit rechteckigem Querschnitt und Vierkantabmessungen, weichgegl\u00fcht max. 241 HB<\/div>\n<div>\n<p>(max. 810N\/mm2)<\/p>\n<\/div>\n<div><strong>Zielanalyse<\/strong><\/div>\n<table style=\"height: 58px;\" width=\"341\">\n<tbody>\n<tr>\n<td><strong>C<\/strong><\/td>\n<td><strong>Ja<\/strong><\/td>\n<td><strong>Mn<\/strong><\/td>\n<td><strong>P<\/strong><\/td>\n<td><strong>S<\/strong><\/td>\n<td><strong>Cr<\/strong><\/td>\n<\/tr>\n<tr>\n<td>0,42<\/td>\n<td>1,0<\/td>\n<td>1,4<\/td>\n<td>0,03<\/td>\n<td>0,03<\/td>\n<td>14,5<\/td>\n<\/tr>\n<\/tbody>\n<\/table>\n<div><\/div>\n<div><strong>W\u00e4rmebehandlung:<\/strong><\/div>\n<div>Ricottura di distensione: 650 &#8211; 680 \u00b0C<\/div>\n<div>Ricottura di lavorabilit\u00e0: 760 &#8211; 800 \u00b0C<\/div>\n<div>Indurimento mediante tempra: 1000 &#8211; 1020 \u00b0C<\/div>\n<div>Abschrecken \u00d6l, Luft oder Warmbad<\/div>\n<div>Rinvenimento: 500 &#8211; 190 \u00b0C<\/div>\n\n\t\t<\/div>\n\t<\/div>\n<div class=\"vc_tta-container\" data-vc-action=\"collapse\"><div class=\"vc_general vc_tta vc_tta-accordion vc_tta-color-grey vc_tta-style-classic vc_tta-shape-rounded vc_tta-o-shape-group vc_tta-controls-align-default\"><div class=\"vc_tta-panels-container\"><div class=\"vc_tta-panels\"><div class=\"vc_tta-panel vc_active\" id=\"1513677773731-12465883-aeb5\" data-vc-content=\".vc_tta-panel-body\"><div class=\"vc_tta-panel-heading\"><h4 class=\"vc_tta-panel-title\"><a href=\"#1513677773731-12465883-aeb5\" data-vc-accordion data-vc-container=\".vc_tta-container\"><span class=\"vc_tta-title-text\">HERUNTERLADEN<\/span><\/a><\/h4><\/div><div class=\"vc_tta-panel-body\">\n\t<div class=\"wpb_text_column wpb_content_element\" >\n\t\t<div class=\"wpb_wrapper\">\n\t\t\t<p><a href=\"https:\/\/www.intercomonline.it\/wp-content\/uploads\/2018\/03\/acciai-rettificati.pdf#page=26\" target=\"_blank\" rel=\"noopener\">Catalog .pdf<\/a><\/p>\n\n\t\t<\/div>\n\t<\/div>\n<\/div><\/div><div class=\"vc_tta-panel\" id=\"1521718182259-ba9d2d0e-ad2e\" data-vc-content=\".vc_tta-panel-body\"><div class=\"vc_tta-panel-heading\"><h4 class=\"vc_tta-panel-title\"><a href=\"#1521718182259-ba9d2d0e-ad2e\" data-vc-accordion data-vc-container=\".vc_tta-container\"><span class=\"vc_tta-title-text\">INFORMATIONSANFRAGE<\/span><\/a><\/h4><\/div><div class=\"vc_tta-panel-body\">\n\t<div class=\"wpb_text_column wpb_content_element\" >\n\t\t<div class=\"wpb_wrapper\">\n\t\t\t\n<div class=\"wpcf7 no-js\" id=\"wpcf7-f10927-o1\" lang=\"it-IT\" dir=\"ltr\" data-wpcf7-id=\"10927\">\n<div class=\"screen-reader-response\"><p role=\"status\" aria-live=\"polite\" aria-atomic=\"true\"><\/p> <ul><\/ul><\/div>\n<form action=\"\/de\/wp-json\/wp\/v2\/product\/1810#wpcf7-f10927-o1\" method=\"post\" class=\"wpcf7-form init\" aria-label=\"Modulo di contatto\" novalidate=\"novalidate\" data-status=\"init\" data-trp-original-action=\"\/de\/wp-json\/wp\/v2\/product\/1810#wpcf7-f10927-o1\">\n<fieldset class=\"hidden-fields-container\"><input type=\"hidden\" name=\"_wpcf7\" value=\"10927\" \/><input type=\"hidden\" name=\"_wpcf7_version\" value=\"6.1.5\" \/><input type=\"hidden\" name=\"_wpcf7_locale\" value=\"it_IT\" \/><input type=\"hidden\" name=\"_wpcf7_unit_tag\" value=\"wpcf7-f10927-o1\" \/><input type=\"hidden\" name=\"_wpcf7_container_post\" value=\"0\" \/><input type=\"hidden\" name=\"_wpcf7_posted_data_hash\" value=\"\" \/>\n<\/fieldset>\n<p><span class=\"wpcf7-form-control-wrap\" data-name=\"your-name\"><input size=\"40\" maxlength=\"400\" class=\"wpcf7-form-control wpcf7-text wpcf7-validates-as-required\" aria-required=\"true\" aria-invalid=\"false\" placeholder=\"Name *\" value=\"\" type=\"text\" name=\"your-name\" \/><\/span><br \/>\n<span class=\"wpcf7-form-control-wrap\" data-name=\"your-email\"><input size=\"40\" maxlength=\"400\" class=\"wpcf7-form-control wpcf7-email wpcf7-validates-as-required wpcf7-text wpcf7-validates-as-email\" aria-required=\"true\" aria-invalid=\"false\" placeholder=\"E-Mail *\" value=\"\" type=\"email\" name=\"your-email\" \/><\/span><br \/>\n<span class=\"wpcf7-form-control-wrap\" data-name=\"your-text\"><textarea cols=\"40\" rows=\"10\" maxlength=\"2000\" class=\"wpcf7-form-control wpcf7-textarea\" aria-invalid=\"false\" placeholder=\"Text\" name=\"your-text\"><\/textarea><\/span>\n<\/p>\n<p><input class=\"wpcf7-form-control wpcf7-submit has-spinner\" type=\"submit\" value=\"Senden Sie\" \/>\n<\/p><div class=\"wpcf7-response-output\" aria-hidden=\"true\"><\/div>\n<input type=\"hidden\" name=\"trp-form-language\" value=\"de\"\/><\/form>\n<\/div>\n\n\n\t\t<\/div>\n\t<\/div>\n<\/div><\/div><\/div><\/div><\/div><\/div><\/div><\/div><\/div><\/div>\n<\/div>","protected":false},"excerpt":{"rendered":"<p> [&#8230;]<\/p>\n<p><a class=\"btn btn-secondary redapple-read-more-link\" href=\"https:\/\/www.intercomonline.it\/de\/products\/acciai-rettificati\/1-2083\/1-2083-con-sovrametallo-1030mm\/\">Weiterlesen&#8230;<\/a><\/p>\n","protected":false},"featured_media":391,"template":"","meta":{"_acf_changed":false},"product_brand":[],"product_cat":[103,205],"product_tag":[],"class_list":{"0":"post-1810","1":"product","2":"type-product","3":"status-publish","4":"has-post-thumbnail","6":"product_cat-acciai-rettificati","7":"product_cat-1-2083","9":"first","10":"instock","11":"shipping-taxable","12":"product-type-simple"},"acf":[],"_links":{"self":[{"href":"https:\/\/www.intercomonline.it\/de\/wp-json\/wp\/v2\/product\/1810","targetHints":{"allow":["GET","POST","PUT","PATCH","DELETE"]}}],"collection":[{"href":"https:\/\/www.intercomonline.it\/de\/wp-json\/wp\/v2\/product"}],"about":[{"href":"https:\/\/www.intercomonline.it\/de\/wp-json\/wp\/v2\/types\/product"}],"wp:featuredmedia":[{"embeddable":true,"href":"https:\/\/www.intercomonline.it\/de\/wp-json\/wp\/v2\/media\/391"}],"wp:attachment":[{"href":"https:\/\/www.intercomonline.it\/de\/wp-json\/wp\/v2\/media?parent=1810"}],"wp:term":[{"taxonomy":"product_brand","embeddable":true,"href":"https:\/\/www.intercomonline.it\/de\/wp-json\/wp\/v2\/product_brand?post=1810"},{"taxonomy":"product_cat","embeddable":true,"href":"https:\/\/www.intercomonline.it\/de\/wp-json\/wp\/v2\/product_cat?post=1810"},{"taxonomy":"product_tag","embeddable":true,"href":"https:\/\/www.intercomonline.it\/de\/wp-json\/wp\/v2\/product_tag?post=1810"}],"curies":[{"name":"wp","href":"https:\/\/api.w.org\/{rel}","templated":true}]}}