{"id":1389,"date":"2018-03-19T13:52:39","date_gmt":"2018-03-19T12:52:39","guid":{"rendered":"http:\/\/www.intercomonline.it\/?post_type=product&#038;p=1389"},"modified":"2025-02-27T09:48:08","modified_gmt":"2025-02-27T08:48:08","slug":"fuhrungsaule-n-982","status":"publish","type":"product","link":"https:\/\/www.intercomonline.it\/de\/products\/normalizzati-per-stampi\/colonne-di-guida\/colonna-di-guida-n-982\/","title":{"rendered":"F\u00fchrungss\u00e4ulen zum Einpressen DIN9825 \/ISO 9182-2"},"content":{"rendered":"<div class=\"wpb-content-wrapper\"><div class=\"vc_row wpb_row vc_row-fluid mygallery3\"><div class=\"wpb_column vc_column_container vc_col-sm-12\"><div class=\"vc_column-inner\"><div class=\"wpb_wrapper\">\n\t<div class=\"wpb_text_column wpb_content_element\" >\n\t\t<div class=\"wpb_wrapper\">\n\t\t\t<p><strong>Material:<\/strong>\u00a0Zementierstahl<br \/>\n<strong>H\u00e4rte:<\/strong>\u00a062-64 HRC<br \/>\n<strong>W\u00e4rmebehandlung:<\/strong>\u00a0Zementiert un geh\u00e4rtet<br \/>\n<strong>Ausf\u00fchrung:<\/strong>\u00a0feingeschliffen und supfiniert<br \/>\n<strong>Note:<\/strong>\u00a0Vollst\u00e4ndig geh\u00e4rtete S\u00e4ulen sind auf Anfrage lieferbar<\/p>\n<p class=\"translation-block\">Festklemmen der S\u00e4ule , f\u00fcr eine endg\u00fcltige Anpflanzung in der Platte, empfehlen wir die S\u00e4ulen einzufrieren , um das Einf\u00fchren zu erleichtern.<\/p>\n<p><strong>Attenzione: conseguentemente all&#8217;adesione alle norme ISO i diametri normalmente usati 18-42-52 sono stati modificati in 20-38-48. Garantiamo comunque ai nostri clienti che alla fine delle scorte saranno forniti i pezzi su richiesta, questo per permettere la sostituzione nel tempo, per manutenzione del prodotto INTERCOM.<\/strong><\/p>\n\n\t\t<\/div>\n\t<\/div>\n<div class=\"vc_tta-container\" data-vc-action=\"collapse\"><div class=\"vc_general vc_tta vc_tta-accordion vc_tta-color-grey vc_tta-style-classic vc_tta-shape-rounded vc_tta-o-shape-group vc_tta-controls-align-default\"><div class=\"vc_tta-panels-container\"><div class=\"vc_tta-panels\"><div class=\"vc_tta-panel vc_active\" id=\"1513675386888-6d14b893-35b6\" data-vc-content=\".vc_tta-panel-body\"><div class=\"vc_tta-panel-heading\"><h4 class=\"vc_tta-panel-title\"><a href=\"#1513675386888-6d14b893-35b6\" data-vc-accordion data-vc-container=\".vc_tta-container\"><span class=\"vc_tta-title-text\">HERUNTERLADEN<\/span><\/a><\/h4><\/div><div class=\"vc_tta-panel-body\">\n\t<div class=\"wpb_text_column wpb_content_element\" >\n\t\t<div class=\"wpb_wrapper\">\n\t\t\t<p><span style=\"color: #000000;\"><a style=\"color: #000000;\" href=\"https:\/\/www.intercomonline.it\/wp-content\/uploads\/2018\/03\/normalizzati.pdf#page=6\" target=\"_blank\" rel=\"noopener\">Katalog .pdf<\/a><\/span><\/p>\n\n\t\t<\/div>\n\t<\/div>\n<\/div><\/div><div class=\"vc_tta-panel\" id=\"1513677773731-12465883-aeb5\" data-vc-content=\".vc_tta-panel-body\"><div class=\"vc_tta-panel-heading\"><h4 class=\"vc_tta-panel-title\"><a href=\"#1513677773731-12465883-aeb5\" data-vc-accordion data-vc-container=\".vc_tta-container\"><span class=\"vc_tta-title-text\">INFORMATIONSANFRAGE<\/span><\/a><\/h4><\/div><div class=\"vc_tta-panel-body\">\n\t<div class=\"wpb_text_column wpb_content_element\" >\n\t\t<div class=\"wpb_wrapper\">\n\t\t\t\n<div class=\"wpcf7 no-js\" id=\"wpcf7-f10927-o1\" lang=\"it-IT\" dir=\"ltr\" data-wpcf7-id=\"10927\">\n<div class=\"screen-reader-response\"><p role=\"status\" aria-live=\"polite\" aria-atomic=\"true\"><\/p> <ul><\/ul><\/div>\n<form action=\"\/de\/wp-json\/wp\/v2\/product\/1389#wpcf7-f10927-o1\" method=\"post\" class=\"wpcf7-form init\" aria-label=\"Modulo di contatto\" novalidate=\"novalidate\" data-status=\"init\" data-trp-original-action=\"\/de\/wp-json\/wp\/v2\/product\/1389#wpcf7-f10927-o1\">\n<fieldset class=\"hidden-fields-container\"><input type=\"hidden\" name=\"_wpcf7\" value=\"10927\" \/><input type=\"hidden\" name=\"_wpcf7_version\" value=\"6.1.5\" \/><input type=\"hidden\" name=\"_wpcf7_locale\" value=\"it_IT\" \/><input type=\"hidden\" name=\"_wpcf7_unit_tag\" value=\"wpcf7-f10927-o1\" \/><input type=\"hidden\" name=\"_wpcf7_container_post\" value=\"0\" \/><input type=\"hidden\" name=\"_wpcf7_posted_data_hash\" value=\"\" \/>\n<\/fieldset>\n<p><span class=\"wpcf7-form-control-wrap\" data-name=\"your-name\"><input size=\"40\" maxlength=\"400\" class=\"wpcf7-form-control wpcf7-text wpcf7-validates-as-required\" aria-required=\"true\" aria-invalid=\"false\" placeholder=\"Name *\" value=\"\" type=\"text\" name=\"your-name\" \/><\/span><br \/>\n<span class=\"wpcf7-form-control-wrap\" data-name=\"your-email\"><input size=\"40\" maxlength=\"400\" class=\"wpcf7-form-control wpcf7-email wpcf7-validates-as-required wpcf7-text wpcf7-validates-as-email\" aria-required=\"true\" aria-invalid=\"false\" placeholder=\"E-Mail *\" value=\"\" type=\"email\" name=\"your-email\" \/><\/span><br \/>\n<span class=\"wpcf7-form-control-wrap\" data-name=\"your-text\"><textarea cols=\"40\" rows=\"10\" maxlength=\"2000\" class=\"wpcf7-form-control wpcf7-textarea\" aria-invalid=\"false\" placeholder=\"Text\" name=\"your-text\"><\/textarea><\/span>\n<\/p>\n<p><input class=\"wpcf7-form-control wpcf7-submit has-spinner\" type=\"submit\" value=\"Senden Sie\" \/>\n<\/p><div class=\"wpcf7-response-output\" aria-hidden=\"true\"><\/div>\n<input type=\"hidden\" name=\"trp-form-language\" value=\"de\"\/><\/form>\n<\/div>\n\n\n\t\t<\/div>\n\t<\/div>\n<\/div><\/div><\/div><\/div><\/div><\/div><\/div><\/div><\/div><\/div><div class=\"vc_row wpb_row vc_row-fluid mygallery4\"><div class=\"wpb_column vc_column_container vc_col-sm-12\"><div class=\"vc_column-inner\"><div class=\"wpb_wrapper\">\n\t<div class=\"wpb_text_column wpb_content_element\" >\n\t\t<div class=\"wpb_wrapper\">\n\t\t\t<p><img loading=\"lazy\" decoding=\"async\" class=\"size-full wp-image-1391 aligncenter\" src=\"https:\/\/www.intercomonline.it\/wp-content\/uploads\/2018\/03\/n982-3.jpg\" alt=\"\" width=\"567\" height=\"318\" srcset=\"https:\/\/www.intercomonline.it\/wp-content\/uploads\/2018\/03\/n982-3.jpg 567w, https:\/\/www.intercomonline.it\/wp-content\/uploads\/2018\/03\/n982-3-300x168.jpg 300w\" sizes=\"auto, (max-width: 567px) 100vw, 567px\" \/><\/p>\n\n\t\t<\/div>\n\t<\/div>\n<\/div><\/div><\/div><\/div>\n<\/div>","protected":false},"excerpt":{"rendered":"<p> [&#8230;]<\/p>\n<p><a class=\"btn btn-secondary redapple-read-more-link\" href=\"https:\/\/www.intercomonline.it\/de\/products\/normalizzati-per-stampi\/colonne-di-guida\/colonna-di-guida-n-982\/\">Weiterlesen&#8230;<\/a><\/p>\n","protected":false},"featured_media":1390,"template":"","meta":{"_acf_changed":false},"product_brand":[],"product_cat":[83],"product_tag":[],"class_list":{"0":"post-1389","1":"product","2":"type-product","3":"status-publish","4":"has-post-thumbnail","6":"product_cat-colonne-di-guida","8":"first","9":"instock","10":"shipping-taxable","11":"product-type-simple"},"acf":[],"_links":{"self":[{"href":"https:\/\/www.intercomonline.it\/de\/wp-json\/wp\/v2\/product\/1389","targetHints":{"allow":["GET","POST","PUT","PATCH","DELETE"]}}],"collection":[{"href":"https:\/\/www.intercomonline.it\/de\/wp-json\/wp\/v2\/product"}],"about":[{"href":"https:\/\/www.intercomonline.it\/de\/wp-json\/wp\/v2\/types\/product"}],"wp:featuredmedia":[{"embeddable":true,"href":"https:\/\/www.intercomonline.it\/de\/wp-json\/wp\/v2\/media\/1390"}],"wp:attachment":[{"href":"https:\/\/www.intercomonline.it\/de\/wp-json\/wp\/v2\/media?parent=1389"}],"wp:term":[{"taxonomy":"product_brand","embeddable":true,"href":"https:\/\/www.intercomonline.it\/de\/wp-json\/wp\/v2\/product_brand?post=1389"},{"taxonomy":"product_cat","embeddable":true,"href":"https:\/\/www.intercomonline.it\/de\/wp-json\/wp\/v2\/product_cat?post=1389"},{"taxonomy":"product_tag","embeddable":true,"href":"https:\/\/www.intercomonline.it\/de\/wp-json\/wp\/v2\/product_tag?post=1389"}],"curies":[{"name":"wp","href":"https:\/\/api.w.org\/{rel}","templated":true}]}}