{"id":26,"date":"2025-11-19T10:06:53","date_gmt":"2025-11-19T09:06:53","guid":{"rendered":"http:\/\/www.intercomonline.it\/?page_id=26"},"modified":"2025-11-19T10:32:32","modified_gmt":"2025-11-19T09:32:32","slug":"ueber-uns","status":"publish","type":"page","link":"https:\/\/www.intercomonline.it\/de\/chi-siamo\/","title":{"rendered":"WER WIR SIND"},"content":{"rendered":"<div class=\"wpb-content-wrapper\"><div class=\"vc_row wpb_row vc_row-fluid vc_custom_1717477672411\"><div class=\"page-top-sec wpb_column vc_column_container vc_col-sm-12\"><div class=\"vc_column-inner\"><div class=\"wpb_wrapper\">    <section class=\"content_border_box section wow fadeInLeft\" data-wow-duration=\"1.5s\" data-wow-delay=\"0.2s\" style=\"background-color: #ec841a\">\r\n        <div class=\"container\">\r\n            <div class=\"row\">\r\n                <div class=\"col-12\">\r\n                    <div class=\"content_block_title text-center\">\r\n                        <h6 style=\"color: #ffffff\">WER WIR SIND<\/h6>\r\n                    <\/div>\r\n                <\/div>\r\n            <\/div>\r\n            <div class=\"row justify-content-center\">\r\n                <div class=\"col-xl-6 col-lg-8 col-md-10 col-sm-12\">\r\n                    <div class=\"p_border_block\" style=\"border-color: #ffffff\">\r\n                        <h4 style=\"color: #ffffff\">Crediamo in quel che facciamo e abbiamo l\u2019ambizione di farlo sempre al meglio<\/h4>\r\n                        <p style=\"color: #ffffff\"><\/p>\r\n                    <\/div>\r\n                <\/div>\r\n            <\/div>\r\n        <\/div>\r\n    <\/section>\r\n    <\/div><\/div><\/div><\/div><div class=\"vc_row wpb_row vc_row-fluid\"><div class=\"wpb_column vc_column_container vc_col-sm-12\"><div class=\"vc_column-inner\"><div class=\"wpb_wrapper\">    <section class=\"content_w_img content_w_bg_gray content_w_bottom_gap\">\r\n        <div class=\"container-fluid\">\r\n            <div class=\"row align-items-stretch\">\r\n                <div class=\"col-md-6 order-first\">\r\n                    <div class=\"col_w_text\">\r\n                        <div class=\"__sec_header wow fadeInRight\" data-wow-duration=\"1.3s\" data-wow-delay=\"0.2s\">\r\n                            <h4>\r\n                                                                    <strong>\r\n                                        SCHNELL, PR\u00c4ZISE, ZUVERL\u00c4SSIG                                    <\/strong>\r\n                                                            <\/h4>\r\n                        <\/div>\r\n                        <div class=\"__sec_body wow fadeInRight\" data-wow-duration=\"1.4s\" data-wow-delay=\"0.3s\">\r\n                                                        <\/p>\n<p style=\"font-size: 18px; text-align: left;\">Produciamo, commercializziamo e diamo servizi. La nostra evoluzione \u00e8 centrata sul cliente e sulle sue esigenze: per questo ogni giorno ci impegniamo a trovare soluzioni affidabili, in tempi brevi.<\/p>\n<p>La nostra dimensione contenuta ce lo consente. Abbiamo pochi livelli, quelli che servono per svolgere il lavoro in modo efficiente e orientato ai risultati. Il nostro personale \u00e8 giovane e motivato, preparato e formato. Ma soprattutto appassionato. Crediamo in quel che facciamo e abbiamo l\u2019ambizione di farlo sempre al meglio, secondo i pi\u00f9 alti standard del mercato.<br \/>\nE\u2019 per questo che siamo diventati un punto di riferimento per aziende europee e internazionali. Perch\u00e9 siamo un partner attivo, dinamico, flessibile. Perch\u00e9 siamo presenti nel mondo grazie ad una rete ben strutturata di distributori e agenti. I nostri clienti sono aziende che operano nei pi\u00f9 diversi settori merceologici, dove si usano stampi: dall\u2019automotive al food &amp; beverage, dall\u2019elettronica all\u2019impiantistica industriale, dall\u2018arredamento all\u2019elettrodomestico bianco, al medicale.<\/p>\n                        <\/div>\r\n                    <\/div>\r\n                <\/div>\r\n                <div class=\"col-md-6 col_bg_img order-last wow fadeInRight\" data-wow-duration=\"1.5s\" data-wow-delay=\"0.4s\" style=\"background-image: url('https:\/\/www.intercomonline.it\/wp-content\/uploads\/2018\/01\/chisiamoback.jpg')\">\r\n                <\/div>\r\n            <\/div>\r\n        <\/div>\r\n    <\/section>\r\n    <\/div><\/div><\/div><\/div><div class=\"vc_row wpb_row vc_row-fluid\"><div class=\"wpb_column vc_column_container vc_col-sm-12\"><div class=\"vc_column-inner\"><div class=\"wpb_wrapper\">    <section class=\"content_border_box section wow fadeInLeft\" data-wow-duration=\"1.5s\" data-wow-delay=\"0.2s\" style=\"background-color: #fff\">\r\n        <div class=\"container\">\r\n            <div class=\"row\">\r\n                <div class=\"col-12\">\r\n                    <div class=\"content_block_title text-center\">\r\n                        <h6 style=\"color: #454547\">PASSION<\/h6>\r\n                    <\/div>\r\n                <\/div>\r\n            <\/div>\r\n            <div class=\"row justify-content-center\">\r\n                <div class=\"col-xl-6 col-lg-8 col-md-10 col-sm-12\">\r\n                    <div class=\"p_border_block\" style=\"border-color: #000\">\r\n                        <h4 style=\"color: #454547\">NON C\u2019ERANO I PRODOTTI COME LI VOLEVO IO<\/h4>\r\n                        <p style=\"color: #454547\">la spinta all\u2019impresa<\/p>\r\n                    <\/div>\r\n                <\/div>\r\n            <\/div>\r\n        <\/div>\r\n    <\/section>\r\n    <\/div><\/div><\/div><\/div><div class=\"vc_row wpb_row vc_row-fluid\"><div class=\"wpb_column vc_column_container vc_col-sm-12\"><div class=\"vc_column-inner\"><div class=\"wpb_wrapper\">    <section class=\"content_w_img content_w_bg_gray content_w_bottom_gap\">\r\n        <div class=\"container-fluid\">\r\n            <div class=\"row align-items-stretch\">\r\n                <div class=\"col-md-6 order-last\">\r\n                    <div class=\"col_w_text\">\r\n                        <div class=\"__sec_header wow fadeInRight\" data-wow-duration=\"1.3s\" data-wow-delay=\"0.2s\">\r\n                            <h4>\r\n                                                                    <strong>\r\n                                        LEIDENSCHAFT MIT ZUKUNFTSORIENTIERUNG                                    <\/strong>\r\n                                                            <\/h4>\r\n                        <\/div>\r\n                        <div class=\"__sec_body wow fadeInRight\" data-wow-duration=\"1.4s\" data-wow-delay=\"0.3s\">\r\n                                                        <\/p>\n<p style=\"font-size: 18px; text-align: left;\">L\u2019idea \u00e8 stata di Lillo Silipigni, il nostro titolare. Nel 1981, dopo alcuni anni in aziende del settore, crea Intercom.<\/p>\n<p class=\"translation-block\">Zu Beginn vertrieb Intercom Normteile f\u00fcr die Stanz- und Umformtechnik. Das Unternehmen war erfolgreich, doch Lillo sah weitere M\u00f6glichkeiten. Er erkennt den Platz f\u00fcr neue innovative Produkte und Nischenprodukte auf dem Markt. Somit beginnt die Produktion mechanischer und elektrischer Gewindeformeinheiten\u2026 Die Idee wird zum Erfolg! Das Unternehmen und seine Mitarbeiterzahl wachsen schnell und ebenso schnell steigt die Bekanntheit der Produkte von Intercom, dank der stetigen Teilnahme an internationalen Messen der Branche.\nIm Jahr 1985 begann Intercom seine Zusammenarbeit mit Uddeholm und im Jahr 1988 folgte der Umzug des Firmenstandorts nach Gorgonzola.\u2028Die Entwicklung von Intercom wird begleitet von innovativen\nProdukten und Produktionsprozessen: Als eines der ersten Unternehmen implementierte Intercom die Barcode-Kon- trolle und 2005 erhielt es das Patent auf die elektrische Gewindeformeinheiten.\nIm Jahr 2008 zog das Unternehmen an seinen aktuellen Standort, der derzeit weiter ausgebaut wird. Im Jahr 2013 feierte Intercom einen weiteren technologischen Meilenstein, der kombinierte Kugel- und Rollenk\u00e4 g, der einen weiteren Beweis f\u00fcr die kreative Einstellung des Unternehmens und f\u00fcr die weltweite Bedeutung des \u201eMade in Italy\u201c darstellt und Intercom zwischen den innovativsten Unternehmen und den Riesen auf globaler Ebene positioniert.\nDer Firmengr\u00fcnder Lillo Silipigni wird heute von einer neuen Generation an Mitarbeitern unterst\u00fctzt, die dessen Erfahrung durch ihre Begeisterung f\u00fcr eine Zukunft voller Erwartungen und Sicherheit bereichert.<\/p>\n                        <\/div>\r\n                    <\/div>\r\n                <\/div>\r\n                <div class=\"col-md-6 col_bg_img order-first wow fadeInRight\" data-wow-duration=\"1.5s\" data-wow-delay=\"0.4s\" style=\"background-image: url('https:\/\/www.intercomonline.it\/wp-content\/uploads\/2018\/01\/chisiamoback2.jpg')\">\r\n                <\/div>\r\n            <\/div>\r\n        <\/div>\r\n    <\/section>\r\n    <\/div><\/div><\/div><\/div><div class=\"vc_row wpb_row vc_row-fluid\"><div class=\"wpb_column vc_column_container vc_col-sm-12\"><div class=\"vc_column-inner\"><div class=\"wpb_wrapper\">    <section class=\"page_border_box section\">\r\n        <div class=\"container\">\r\n            <div class=\"row\">\r\n                <div class=\"col-12\">\r\n                    <div class=\"content_block_title text-center wow fadeInUp\" data-wow-duration=\"1.5s\" data-wow-delay=\"0.4s\">\r\n                        <h6>DIE ZEITLINIE<\/h6>\r\n                    <\/div>\r\n                <\/div>\r\n            <\/div>\r\n            <div class=\"row justify-content-center\">\r\n                <div class=\"col-xl-9 col-lg-12 col-md-12 col-sm-12\">\r\n                    <div class=\"timeline\">\r\n                                                                                    <div class=\"timeline_item\">\r\n                                    <div class=\"circle mx-auto  wow fadeIn\" data-wow-duration=\"1.0s\" data-wow-delay=\"0.0s\">1981<\/div>\r\n                                    <div class=\"description\">Gr\u00fcndungsjahr<\/div>\r\n                                <\/div>\r\n                                                            <div class=\"timeline_item\">\r\n                                    <div class=\"circle mx-auto  wow fadeIn\" data-wow-duration=\"1.1s\" data-wow-delay=\"0.1s\">1985<\/div>\r\n                                    <div class=\"description\">Intercom wird Partner von Uddeholm<\/div>\r\n                                <\/div>\r\n                                                            <div class=\"timeline_item\">\r\n                                    <div class=\"circle mx-auto  wow fadeIn\" data-wow-duration=\"1.2s\" data-wow-delay=\"0.2s\">2005<\/div>\r\n                                    <div class=\"description\">Patent auf elektrische Gewindeformein-heiten<\/div>\r\n                                <\/div>\r\n                                                            <div class=\"timeline_item\">\r\n                                    <div class=\"circle mx-auto  wow fadeIn\" data-wow-duration=\"1.3s\" data-wow-delay=\"0.3s\">2008<\/div>\r\n                                    <div class=\"description\">Umzug des Standorts<\/div>\r\n                                <\/div>\r\n                                                            <div class=\"timeline_item\">\r\n                                    <div class=\"circle mx-auto  wow fadeIn\" data-wow-duration=\"1.4s\" data-wow-delay=\"0.4s\">2013<\/div>\r\n                                    <div class=\"description\">Technologischer Meilenstein: Kombinierter Kugel - und Rollenk\u00e4<\/div>\r\n                                <\/div>\r\n                                                            <div class=\"timeline_item\">\r\n                                    <div class=\"circle mx-auto  wow fadeIn\" data-wow-duration=\"1.5s\" data-wow-delay=\"0.5s\">2014<\/div>\r\n                                    <div class=\"description\">ulteriore ampliamento dell\u2019attuale sede<\/div>\r\n                                <\/div>\r\n                                                            <div class=\"timeline_item\">\r\n                                    <div class=\"circle mx-auto active wow fadeIn\" data-wow-duration=\"1.6s\" data-wow-delay=\"0.6s\">2019<\/div>\r\n                                    <div class=\"description\">Erreichen der ISO 9001-Zertifizierung<\/div>\r\n                                <\/div>\r\n                                                                        <\/div>\r\n                <\/div>\r\n            <\/div>\r\n        <\/div>\r\n    <\/section>\r\n    <\/div><\/div><\/div><\/div>\n<\/div>","protected":false},"excerpt":{"rendered":"<p> [&#8230;]<\/p>\n<p><a class=\"btn btn-secondary redapple-read-more-link\" href=\"https:\/\/www.intercomonline.it\/de\/chi-siamo\/\">Weiterlesen&#8230;<\/a><\/p>\n","protected":false},"author":1,"featured_media":0,"parent":0,"menu_order":0,"comment_status":"closed","ping_status":"closed","template":"","meta":{"_acf_changed":false,"footnotes":""},"class_list":["post-26","page","type-page","status-publish","hentry"],"acf":[],"_links":{"self":[{"href":"https:\/\/www.intercomonline.it\/de\/wp-json\/wp\/v2\/pages\/26","targetHints":{"allow":["GET","POST","PUT","PATCH","DELETE"]}}],"collection":[{"href":"https:\/\/www.intercomonline.it\/de\/wp-json\/wp\/v2\/pages"}],"about":[{"href":"https:\/\/www.intercomonline.it\/de\/wp-json\/wp\/v2\/types\/page"}],"author":[{"embeddable":true,"href":"https:\/\/www.intercomonline.it\/de\/wp-json\/wp\/v2\/users\/1"}],"replies":[{"embeddable":true,"href":"https:\/\/www.intercomonline.it\/de\/wp-json\/wp\/v2\/comments?post=26"}],"version-history":[{"count":40,"href":"https:\/\/www.intercomonline.it\/de\/wp-json\/wp\/v2\/pages\/26\/revisions"}],"predecessor-version":[{"id":13759,"href":"https:\/\/www.intercomonline.it\/de\/wp-json\/wp\/v2\/pages\/26\/revisions\/13759"}],"wp:attachment":[{"href":"https:\/\/www.intercomonline.it\/de\/wp-json\/wp\/v2\/media?parent=26"}],"curies":[{"name":"wp","href":"https:\/\/api.w.org\/{rel}","templated":true}]}}