{"id":2596,"date":"2018-07-26T18:41:44","date_gmt":"2018-07-26T16:41:44","guid":{"rendered":"http:\/\/www.intercomonline.it\/?page_id=2596"},"modified":"2025-01-28T16:30:37","modified_gmt":"2025-01-28T15:30:37","slug":"cookie-richtlinie","status":"publish","type":"page","link":"https:\/\/www.intercomonline.it\/de\/cookie-policy\/","title":{"rendered":"Cookie-Richtlinie"},"content":{"rendered":"<div class=\"wpb-content-wrapper\"><div class=\"vc_row wpb_row vc_row-fluid basic-page-layout\"><div class=\"wpb_column vc_column_container vc_col-sm-12\"><div class=\"vc_column-inner\"><div class=\"wpb_wrapper\">\n\t<div class=\"wpb_text_column wpb_content_element\" >\n\t\t<div class=\"wpb_wrapper\">\n\t\t\t<div class=\"wow fadeInLeft\" data-wow-duration=\"1.5s\" data-wow-delay=\"0.2s\">\n<h4><strong>Cookie-Politik<\/strong><\/h4>\n<p>Questo sito Internet fa uso di cookie, cio\u00e8 di file di testo di piccole dimensioni che i siti visitati dall&#8217;utente inviano al suo terminale (computer, tablet, smartphone), dove vengono memorizzati per essere poi ritrasmessi agli stessi siti alla successiva visita del medesimo utente. I cookie possono essere usati per differenti finalit\u00e0 fra cui, ad esempio, l&#8217;esecuzione di autenticazioni informatiche, il monitoraggio di sessioni, la memorizzazione di informazioni su specifiche configurazioni riguardanti gli utenti che accedono al server. Secondo la tipologia, la normativa prevede che, per il loro lecito utilizzo da parte del gestore del sito, in alcuni casi, sia sufficiente la semplice informativa sul loro utilizzo, mentre in altri casi, oltre all&#8217;informativa sia necessario ottenere il relativo consenso da parte dell&#8217;utente.<\/p>\n<p>Ci\u00f2 premesso, ai sensi e per gli effetti dell\u2019articolo 13 e dell\u2019articolo 14 del Regolamento (UE) GDPR 679\/2016\u00a0 del Parlamento Europeo e del Consiglio del 27 aprile 2016 relativo alla protezione delle persone fisiche con riguardo al trattamento dei dati personali, nonch\u00e9 alla libera circolazione di tali dati (Regolamento generale sulla protezione dei dati, in seguito \u201cGDPR\u201d) ed in conformit\u00e0 al provvedimento del Garante per la protezione dei dati personali dell&#8217;8\/5\/2014, vi informiamo, in qualit\u00e0 di titolari del trattamento, che il sito www.itineragroup.it utilizza sia cookie tecnici, sia cookie di terze parti.<\/p>\n<p>Utilizzando il nostro sito web, utilizzando i servizi forniti tramite il sito, o ricevendo le nostre e-mail, date il vostro consenso all&#8217;utilizzo di cookie in conformit\u00e0 con la presente &#8220;Informativa sui cookie&#8221;.<\/p>\n<p><strong>Was sind Cookies?<\/strong><\/p>\n<p>I cookie sono piccoli file di testo che vengono automaticamente posizionati sul device del navigatore all&#8217;interno del browser. Essi contengono informazioni di base sulla navigazione in Internet e grazie al browser vengono riconosciuti ogni volta che l&#8217;utente visita il sito.<\/p>\n<p><strong>Wie werden Cookies verwendet?<\/strong><\/p>\n<p>I cookie sono utilizzati per comprendere meglio come lavorano le applicazioni e i siti web e per ottimizzare le esperienze online e mobili. I cookie fanno ci\u00f2 consentendo alla parte che trasmette il cookie di analizzare le prestazioni di un sito web o di un&#8217;app mobile, di identificare determinati utenti in modo anonimo e ricordare le loro preferenze, di comprendere meglio se un computer o dispositivo (e probabilmente il suo utente) ha gi\u00e0 visitato un sito web e di fornire pubblicit\u00e0 personalizzate.<\/p>\n<p><strong>Welche Arten von Cookies werden auf der Website verwendet?<\/strong><\/p>\n<p>Unsere Website verwendet haupts\u00e4chlich die folgenden Arten von Cookies:<\/p>\n<ol>\n<li><em> Streng notwendige Cookies<\/em><\/li>\n<\/ol>\n<p>Questi cookie sono essenziali per il regolare funzionamento del nostro sito, consentendone la navigazione e l&#8217;utilizzo. Se disattivate questi cookie, il sito potrebbe non funzionare correttamente.<\/p>\n<ul>\n<li>PHPSESSID<\/li>\n<\/ul>\n<ol start=\"2\">\n<li><em> Statistische Cookies<\/em><\/li>\n<\/ol>\n<p>Diese Cookies helfen uns, durch anonyme und aggregierte Daten zu verstehen, wie die Nutzer mit der Website interagieren, indem sie uns Informationen \u00fcber die besuchten Bereiche, die auf der Website verbrachte Zeit und eventuelle St\u00f6rungen liefern. Dies hilft uns, die Leistung unserer Website zu verbessern.<\/p>\n<ul>\n<li>_ga<\/li>\n<li>_gat<\/li>\n<li>__utma<\/li>\n<li>__utmt<\/li>\n<li>__utmb<\/li>\n<li>__utmc<\/li>\n<li>__utmx<\/li>\n<li>__tumv<\/li>\n<\/ul>\n<ol start=\"3\">\n<li><em> Funktionale Cookies<\/em><\/li>\n<\/ol>\n<p>Questi cookie sono impiegati per migliorare il comfort e le prestazioni del sito, riconoscere e ricordare le vostre preferenze.\u00a0Ad esempio, nei cookies funzionali \u00e8 possibile memorizzare le impostazioni della lingua o l&#8217;accettazione dei cookie stessi.<\/p>\n<ul>\n<li>fly_ac<\/li>\n<\/ul>\n<ol start=\"4\">\n<li><em> Andere Cookies<\/em><\/li>\n<\/ol>\n<p><em>Youtube-Videos<\/em><\/p>\n<p>Questo sito potrebbe incorporare video di Youtube, propriet\u00e0 di Google, in grado di effettuare una profilazione, utilizzati da questo sito allo scopo di mostrare video di Youtube.<br \/>\n<a href=\"https:\/\/www.youtube.com\/static?template=privacy_guidelines&amp;gl=IT\">Youtube-Referenzseite<\/a><\/p>\n<p><em>Google Maps<\/em><\/p>\n<p>Diese Website kann Google Maps einbeziehen, die in der Lage sind, ein Profil zu erstellen, und die von dieser Website zum Zweck der Darstellung von Google Maps verwendet werden.<br \/>\n<a href=\"http:\/\/www.google.com\/intl\/it_it\/policies\/technologies\/cookies\/\">Google Maps Referenzseite<\/a><\/p>\n<p><em>Google Analytics<\/em><\/p>\n<p>Diese Website kann Verkehrsanalysetools von Google enthalten, die von dieser Website verwendet werden, um in anonymer und aggregierter Form zu erfahren, wie die Nutzer mit der Website interagieren.<br \/>\n<a href=\"https:\/\/tools.google.com\/dlpage\/gaoptout\/\">Google Analytics Referenzseite<\/a><\/p>\n<p><em>Flash-Cookies<\/em><\/p>\n<p>Questo potrebbe incorporare oggetti con flash player per animazioni o video in grado di raccogliere dati simili a cookie sul terminale dell&#8217;utente, utilizzati da questo sito per mostrare video o animazioni.<br \/>\n<a href=\"http:\/\/www.macromedia.com\/support\/documentation\/en\/flashplayer\/help\/settings_manager07.html\">Flash-Referenzseite<\/a><\/p>\n<p><em>Cookies f\u00fcr soziale Netzwerke<\/em><\/p>\n<p>Questo sito potrebbe incorporare oggetti dei social network. Questi cookie di terza parte vengono utilizzati per integrare alcune diffuse funzionalit\u00e0 dei principali social media e fornirle all&#8217;interno del sito. Permettono, ad esempio, la condivisione e i commenti di pagine del sito sui social.<br \/>\nFacebook-Referenzseite<br \/>\n<a href=\"https:\/\/support.twitter.com\/articles\/20170519-uso-dei-cookie-e-di-altre-tecnologie-simili-da-parte-di-twitter\">Twitter-Referenzseite<\/a><br \/>\n<a href=\"https:\/\/support.google.com\/plus\/answer\/1319578?hl=it\">Google+ Referenzseite<\/a><br \/>\n<a href=\"https:\/\/www.linkedin.com\/legal\/cookie_policy\">Linkedin-Referenzseiten<\/a><\/p>\n<p><em>Werbe-Cookies<\/em><\/p>\n<p>Autorizziamo terzi a fornire contenuti pubblicitari personalizzati sul nostro sito e\/o su siti web e applicazioni di terzi. Tali terzi utilizzano cookie per comprendere il vostro interesse riguardo alle pubblicit\u00e0 e ai contenuti a voi forniti, nonch\u00e9 per offrirvi pubblicit\u00e0 pi\u00f9 mirate sulla base delle vostre attivit\u00e0 sul nostro sito. Ad esempio, i cookie di terzi potrebbero registrare informazioni sul fatto che abbiate cliccato su determinati contenuti o determinate pubblicit\u00e0 sul nostro sito o su altri siti web.<\/p>\n<p><strong>Wie kann ich Cookies vermeiden?<\/strong><\/p>\n<p>Potete evitare determinati cookie configurando le impostazioni del vostro browser o disattivando direttamente la parte che gestisce e controlla i cookie. Controllate le impostazioni del vostro browser per informazioni pi\u00f9 dettagliate.<\/p>\n<p>Nachstehend finden Sie Verfahren zur \u00c4nderung der Cookie-Einstellungen und Links zu den entsprechenden Seiten der wichtigsten Browser auf dem Markt:<\/p>\n<p><em>Google Chrome<\/em><\/p>\n<p>Seleziona l&#8217;icona del menu Chrome &gt; Seleziona Impostazioni &gt; Nella parte inferiore della pagina, seleziona Mostra impostazioni avanzate &gt; Nella sezione &#8220;Privacy&#8221;, seleziona Impostazioni contenuti &gt; Seleziona Consenti il salvataggio dei dati in locale &gt; Seleziona Fine.<br \/>\nWeitere Informationen:\u00a0<a href=\"https:\/\/support.google.com\/accounts\/answer\/61416?hl=it\">https:\/\/support.google.com\/accounts\/answer\/61416?hl=it<\/a><\/p>\n<p><em>Safari<\/em><\/p>\n<p>Per impostare il blocco dei cookie da parte di Safari in iOS 8, tocca Impostazioni &gt; Safari &gt; Blocca cookie e scegli &#8220;Consenti sempre&#8221;, &#8220;Consenti solo dai siti web che visito&#8221;, &#8220;Consenti solo dal sito web attuale&#8221; oppure &#8220;Blocca sempre&#8221;. In iOS 7 o versioni meno recenti scegli &#8220;Mai&#8221;, &#8220;Di terze parti e inserzionisti&#8221; o &#8220;Sempre&#8221;.<br \/>\nWeitere Informationen:\u00a0<a href=\"https:\/\/support.apple.com\/it-it\/HT201265\">https:\/\/support.apple.com\/it-it\/HT201265<\/a><\/p>\n<p><em>Firefox<\/em><\/p>\n<p>Klicken Sie auf die Men\u00fctaste und w\u00e4hlen Sie Optionen &gt; W\u00e4hlen Sie den Bereich Datenschutz &gt; Unter Verlaufseinstellungen: W\u00e4hlen Sie Benutzerdefinierte Einstellungen verwenden &gt; Um Cookies zu aktivieren, markieren Sie den Punkt Cookies von Websites akzeptieren; um Cookies zu deaktivieren, deaktivieren Sie den Punkt.<br \/>\nWeitere Informationen: <a href=\"https:\/\/support.mozilla.org\/it\/kb\/Attivare%20e%20disattivare%20i%20cookie\">https:\/\/support.mozilla.org\/it\/kb\/Attivare%20e%20disattivare%20i%20cookie<\/a><\/p>\n<p><em>Entdecker<\/em><\/p>\n<p>Fare clic sul pulsante Strumenti e quindi su Opzioni Internet &gt; Fare clic sulla scheda Privacy e in Impostazioni spostare il dispositivo di scorrimento verso l&#8217;alto per bloccare tutti i cookie oppure verso il basso per consentirli tutti e quindi fare clic su OK.<br \/>\nWeitere Informationen: <a href=\"http:\/\/windows.microsoft.com\/it-it\/windows7\/block-enable-or-allow-cookies\">http:\/\/windows.microsoft.com\/it-it\/windows7\/block-enable-or-allow-cookies<\/a><\/p>\n<p><em>Oper<\/em><\/p>\n<p>Preferenze &gt; Avanzate &gt; Cookie: Queste impostazioni permettono di configurare la gestione dei cookie in Opera. L&#8217;impostazione predefinita prevede di accettare tutti i cookie. Si selezioni un\u2019impostazione tra le seguenti. L\u2019impostazione Accetta i cookie: Tutti i cookie vengono accettati; L&#8217;impostazione Accetta i cookie solo dal sito che si visita: I cookie di terze parti, inviati da un dominio diverso da quello che si sta visitando, vengono rifiutati; L\u2019impostazione Non accettare mai i cookie: Tutti i cookie vengono rifiutati.<br \/>\nWeitere Informationen:\u00a0<a href=\"http:\/\/help.opera.com\/Windows\/10.00\/it\/cookies.html\">http:\/\/help.opera.com\/Windows\/10.00\/it\/cookies.html<\/a><\/p>\n<p>Ricordiamo all\u2019utente che proseguendo nella navigazione sta comunque indicando la sua volont\u00e0 di accettare i cookie. Infatti, senza una scelta precisa dell&#8217;utente, le impostazioni del sito sono fatte in maniera tale da inviare i cookie per default. Infine, ricordiamo che la non accettazione dei cookie di terze parti potrebbe non consentire di utilizzare tutte le funzionalit\u00e0 del sito. Non siamo purtroppo in grado di identificare singolarmente le conseguenze per la mancata accettazione di ogni singolo cookie, in quanto non siamo in grado di ipotizzare le conseguenze derivanti da tutte le possibili combinazioni di cookie accettati o non accettati.<\/p>\n<p><strong>Enthalten E-Mails Cookies?<\/strong><\/p>\n<p>Unsere E-Mails enthalten Cookies, die verfolgen, ob Sie unsere E-Mails ge\u00f6ffnet und auf darin enthaltene Links geklickt haben. Die Cookies, die in unseren E-Mails verwendet werden, um dieses Verhalten zu verfolgen, sind f\u00fcr jede E-Mail einzigartig und werden nicht auf Ihrem Computer oder Mobilger\u00e4t gespeichert.<\/p>\n<p><em>Questa pagina \u00e8 visibile, mediante link presente in tutte le pagine del sito, ai sensi dell&#8217;art. 122 secondo comma del D.lgs. 196\/2003 e a seguito delle modalit\u00e0 semplificate per l&#8217;informativa e l&#8217;acquisizione del consenso per l&#8217;uso dei cookie pubblicata sulla Gazzetta Ufficiale n. 126 del 3 giugno 2014 e relativo registro dei provvedimenti n. 229 dell&#8217;8 maggio 2014.\n<\/div>\n<p><\/em><\/p>\n\n\t\t<\/div>\n\t<\/div>\n<\/div><\/div><\/div><\/div>\n<\/div>","protected":false},"excerpt":{"rendered":"<p> [&#8230;]<\/p>\n<p><a class=\"btn btn-secondary redapple-read-more-link\" href=\"https:\/\/www.intercomonline.it\/de\/cookie-policy\/\">Weiterlesen&#8230;<\/a><\/p>\n","protected":false},"author":1,"featured_media":0,"parent":0,"menu_order":0,"comment_status":"closed","ping_status":"closed","template":"","meta":{"_acf_changed":false,"footnotes":""},"class_list":["post-2596","page","type-page","status-publish","hentry"],"acf":[],"_links":{"self":[{"href":"https:\/\/www.intercomonline.it\/de\/wp-json\/wp\/v2\/pages\/2596","targetHints":{"allow":["GET","POST","PUT","PATCH","DELETE"]}}],"collection":[{"href":"https:\/\/www.intercomonline.it\/de\/wp-json\/wp\/v2\/pages"}],"about":[{"href":"https:\/\/www.intercomonline.it\/de\/wp-json\/wp\/v2\/types\/page"}],"author":[{"embeddable":true,"href":"https:\/\/www.intercomonline.it\/de\/wp-json\/wp\/v2\/users\/1"}],"replies":[{"embeddable":true,"href":"https:\/\/www.intercomonline.it\/de\/wp-json\/wp\/v2\/comments?post=2596"}],"version-history":[{"count":15,"href":"https:\/\/www.intercomonline.it\/de\/wp-json\/wp\/v2\/pages\/2596\/revisions"}],"predecessor-version":[{"id":10842,"href":"https:\/\/www.intercomonline.it\/de\/wp-json\/wp\/v2\/pages\/2596\/revisions\/10842"}],"wp:attachment":[{"href":"https:\/\/www.intercomonline.it\/de\/wp-json\/wp\/v2\/media?parent=2596"}],"curies":[{"name":"wp","href":"https:\/\/api.w.org\/{rel}","templated":true}]}}