{"id":11,"date":"2025-11-19T10:01:41","date_gmt":"2025-11-19T09:01:41","guid":{"rendered":"http:\/\/www.intercomonline.it\/?page_id=11"},"modified":"2025-11-19T10:33:40","modified_gmt":"2025-11-19T09:33:40","slug":"produkte-2","status":"publish","type":"page","link":"https:\/\/www.intercomonline.it\/de\/prodotti\/","title":{"rendered":"PRODUKTE"},"content":{"rendered":"<div class=\"wpb-content-wrapper\"><div class=\"vc_row wpb_row vc_row-fluid page-header-space\"><div class=\"wpb_column vc_column_container vc_col-sm-12\"><div class=\"vc_column-inner\"><div class=\"wpb_wrapper\">\n\t<div class=\"wpb_text_column wpb_content_element vc_custom_1738077777594 heading-1\" >\n\t\t<div class=\"wpb_wrapper\">\n\t\t\t<h1 class=\"wow fadeIn\" style=\"text-align: center;\" data-wow-duration=\"1.5s\" data-wow-delay=\"0.3s\">PRODUKTE<\/h1>\n\n\t\t<\/div>\n\t<\/div>\n<\/div><\/div><\/div><\/div><div data-vc-full-width=\"true\" data-vc-full-width-temp=\"true\" data-vc-full-width-init=\"false\" data-vc-stretch-content=\"true\" class=\"vc_row wpb_row vc_row-fluid vc_row-no-padding\"><div class=\"wpb_column vc_column_container vc_col-sm-12\"><div class=\"vc_column-inner\"><div class=\"wpb_wrapper\"><section class=\"home_cats_row\" data-wow-duration=\"1.1s\" data-wow-delay=\".4s\"><div class=\"container-fluid p-0 m-0\"><div class=\"row g-0\"><div class=\"col-lg-3 col-md-4 col-sm-6 __cats_row_item wow fadeInLeft\" data-wow-duration=\"1.0s\" data-wow-delay=\".0s\"><div class=\"__cats_row_item_inn_bg\"><img decoding=\"async\" src=\"https:\/\/www.intercomonline.it\/wp-content\/uploads\/2018\/01\/Livello-702.png\"><\/div><div class=\"__cats_row_item_inn\"><div class=\"__cats_row_h\"><h4 class=\"translation-block\">F\u00dcHRUNGSELEMENTE<\/h4><\/div><article><p>Standardisierte F\u00fchrungselemente f\u00fcr hochpr\u00e4zise Formen<\/p><\/article><div class=\"__style_btn_wrap\"><a href=\"\/de\/intercomonline\/kategorie\/fuhrungselemente\/\"><span>SCOPRI DI PI\u00d9<\/span><\/a><\/div><\/div><\/div><div class=\"col-lg-3 col-md-4 col-sm-6 __cats_row_item wow fadeInLeft\" data-wow-duration=\"1.1s\" data-wow-delay=\".1s\"><div class=\"__cats_row_item_inn_bg\"><img decoding=\"async\" src=\"https:\/\/www.intercomonline.it\/wp-content\/uploads\/2018\/01\/punzoni-back.png\"><\/div><div class=\"__cats_row_item_inn\"><div class=\"__cats_row_h\"><h4 class=\"translation-block\">SCHNEIDSTEMPEL UND SCHNEIDBUCHSEN<\/h4><\/div><article><p>Realizziamo punzoni matrici a disegno con le pi\u00f9 avanzate tecnologie e macchinari all\u2019avanguardia<\/p><\/article><div class=\"__style_btn_wrap\"><a href=\"\/de\/intercomonline\/kategorie\/punzoni-e-matrici\/\"><span>SCOPRI DI PI\u00d9<\/span><\/a><\/div><\/div><\/div><div class=\"col-lg-3 col-md-4 col-sm-6 __cats_row_item wow fadeInLeft\" data-wow-duration=\"1.2s\" data-wow-delay=\".2s\"><div class=\"__cats_row_item_inn_bg\"><img decoding=\"async\" src=\"https:\/\/www.intercomonline.it\/wp-content\/uploads\/2018\/01\/masch-elet-back.png\"><\/div><div class=\"__cats_row_item_inn\"><div class=\"__cats_row_h\"><h4 class=\"translation-block\">ELEKTRISCHE GEWINDEFORMEINHEITEN<\/h4><\/div><article><p>Le maschiatrici elettroniche rappresentano l\u2019evoluzione tecnologica della filettatura meccanica e sono prodotte secondo nostro brevetto.\n<br \/><br \/>\n<a href=\"https:\/\/www.intercomonline.it\/de\/kategorie\/elektronische-gewindefo\/\">SL 2005.1 400W M2-M5\n<\/a><br \/>\n<a href=\"https:\/\/www.intercomonline.it\/de\/kategorie\/elektronische-gewindeformeinheiten-elektronische-gewindeformeinheiten-sl-2005-2-750w\/\">SL 2005.2 750W M6-M10\n<\/a><br \/>\n<a href=\"https:\/\/www.intercomonline.it\/de\/kategorie\/elektronische-gewindebohrmaschinen-sl-2005-2-s-750w-m8-m12\/\">SL 2005.2 S 750W M8-M12<\/a><\/p><\/article><div class=\"__style_btn_wrap\"><a href=\"#\"><span>SCOPRI DI PI\u00d9<\/span><\/a><\/div><\/div><\/div><div class=\"col-lg-3 col-md-4 col-sm-6 __cats_row_item wow fadeInLeft\" data-wow-duration=\"1.3s\" data-wow-delay=\".3s\"><div class=\"__cats_row_item_inn_bg\"><img decoding=\"async\" src=\"https:\/\/www.intercomonline.it\/wp-content\/uploads\/2018\/01\/masch-mecc-back.png\"><\/div><div class=\"__cats_row_item_inn\"><div class=\"__cats_row_h\"><h4 class=\"translation-block\">MECHANISCHE GEWINDEFORMEINHEITEN BMI 200<\/h4><\/div><article><p>Mechanische Gewindeschneidmaschinen sind Gewindeschneidsysteme f\u00fcr Stanzwerkzeuge bis zu M12<\/p><\/article><div class=\"__style_btn_wrap\"><a href=\"\/de\/intercomonline\/kategorie\/mechanische-gewindeformeinheiten-bmi-200\/\"><span>SCOPRI DI PI\u00d9<\/span><\/a><\/div><\/div><\/div><div class=\"col-lg-3 col-md-4 col-sm-6 __cats_row_item wow fadeInLeft\" data-wow-duration=\"1.4s\" data-wow-delay=\".4s\"><div class=\"__cats_row_item_inn_bg\"><img decoding=\"async\" src=\"https:\/\/www.intercomonline.it\/wp-content\/uploads\/2018\/01\/acciai-back.png\"><\/div><div class=\"__cats_row_item_inn\"><div class=\"__cats_row_h\"><h4 class=\"translation-block\">PR\u00c4ZISIONSFLACHST\u00c4HLE<\/h4><\/div><article><p>Pr\u00e4zisionsgeschliffene St\u00e4hle ab Lager lieferbar<\/p><\/article><div class=\"__style_btn_wrap\"><a href=\"\/de\/intercomonline\/kategorie\/prazisionsflachstahle\/\"><span>SCOPRI DI PI\u00d9<\/span><\/a><\/div><\/div><\/div><div class=\"col-lg-3 col-md-4 col-sm-6 __cats_row_item wow fadeInLeft\" data-wow-duration=\"1.5s\" data-wow-delay=\".5s\"><div class=\"__cats_row_item_inn_bg\"><img decoding=\"async\" src=\"https:\/\/www.intercomonline.it\/wp-content\/uploads\/2018\/01\/accessori-back.png\"><\/div><div class=\"__cats_row_item_inn\"><div class=\"__cats_row_h\"><h4><a href=\"\/de\/intercomonline\/kategorie\/stahle\/\">ST\u00c4HLE<\/a><\/h4><\/div><article><p>Acciai Uddeholm,\u00a0Porta stampi, Lavorazioni piastre speciali su disegno<\/p><\/article><div class=\"__style_btn_wrap\"><a href=\"\/de\/intercomonline\/kategorie\/stahle\/\"><span>SCOPRI DI PI\u00d9<\/span><\/a><\/div><\/div><\/div><div class=\"col-lg-3 col-md-4 col-sm-6 __cats_row_item wow fadeInLeft\" data-wow-duration=\"1.6s\" data-wow-delay=\".6s\"><div class=\"__cats_row_item_inn_bg\"><img decoding=\"async\" src=\"https:\/\/www.intercomonline.it\/wp-content\/uploads\/2018\/01\/accessori-back.png\"><\/div><div class=\"__cats_row_item_inn\"><div class=\"__cats_row_h\"><h4><a href=\"\/de\/intercomonline\/kategorie\/zubehor-2\/\">ZUBEH\u00d6R<\/a><\/h4><\/div><article><p>Zubeh\u00f6r zur Vervollst\u00e4ndigung von Formen und Werkzeugen<\/p><\/article><div class=\"__style_btn_wrap\"><a href=\"\/de\/intercomonline\/kategorie\/zubehor-2\/\"><span>SCOPRI DI PI\u00d9<\/span><\/a><\/div><\/div><\/div><div class=\"col-lg-3 col-md-4 col-sm-6 __cats_row_item wow fadeInLeft\" data-wow-duration=\"1.7s\" data-wow-delay=\".7s\"><div class=\"__cats_row_item_inn_bg\"><img decoding=\"async\" src=\"https:\/\/www.intercomonline.it\/wp-content\/uploads\/2018\/01\/accessori-back.png\"><\/div><div class=\"__cats_row_item_inn\"><div class=\"__cats_row_h\"><h4><a href=\"#\">KOMPONENTEN F\u00dcR<br \/> KUNSTSTOFFFORMEN<\/a><\/h4><\/div><article><p>Komplettes Angebot an standardisierten Elementen f\u00fcr Kunststoff-Formen<\/p><\/article><div class=\"__style_btn_wrap\"><a href=\"\/intercomonline\/wp-content\/uploads\/2018\/03\/catalogoplastica-1.pdf\"><span>SCOPRI DI PI\u00d9<\/span><\/a><\/div><\/div><\/div><\/div><\/div><\/section><\/div><\/div><\/div><\/div><div class=\"vc_row-full-width vc_clearfix\"><\/div>\n<\/div>","protected":false},"excerpt":{"rendered":"<p> [&#8230;]<\/p>\n<p><a class=\"btn btn-secondary redapple-read-more-link\" href=\"https:\/\/www.intercomonline.it\/de\/prodotti\/\">Weiterlesen&#8230;<\/a><\/p>\n","protected":false},"author":1,"featured_media":0,"parent":0,"menu_order":0,"comment_status":"closed","ping_status":"closed","template":"","meta":{"_acf_changed":false,"footnotes":""},"class_list":["post-11","page","type-page","status-publish","hentry"],"acf":[],"_links":{"self":[{"href":"https:\/\/www.intercomonline.it\/de\/wp-json\/wp\/v2\/pages\/11","targetHints":{"allow":["GET","POST","PUT","PATCH","DELETE"]}}],"collection":[{"href":"https:\/\/www.intercomonline.it\/de\/wp-json\/wp\/v2\/pages"}],"about":[{"href":"https:\/\/www.intercomonline.it\/de\/wp-json\/wp\/v2\/types\/page"}],"author":[{"embeddable":true,"href":"https:\/\/www.intercomonline.it\/de\/wp-json\/wp\/v2\/users\/1"}],"replies":[{"embeddable":true,"href":"https:\/\/www.intercomonline.it\/de\/wp-json\/wp\/v2\/comments?post=11"}],"version-history":[{"count":32,"href":"https:\/\/www.intercomonline.it\/de\/wp-json\/wp\/v2\/pages\/11\/revisions"}],"predecessor-version":[{"id":10844,"href":"https:\/\/www.intercomonline.it\/de\/wp-json\/wp\/v2\/pages\/11\/revisions\/10844"}],"wp:attachment":[{"href":"https:\/\/www.intercomonline.it\/de\/wp-json\/wp\/v2\/media?parent=11"}],"curies":[{"name":"wp","href":"https:\/\/api.w.org\/{rel}","templated":true}]}}